{"id":5628,"date":"2023-10-29T21:11:21","date_gmt":"2023-10-29T19:11:21","guid":{"rendered":"https:\/\/kristibam.lv\/lv\/?post_type=product&#038;p=5628"},"modified":"2023-10-29T21:26:35","modified_gmt":"2023-10-29T19:26:35","slug":"dvielis-ar-zelta-putniem","status":"publish","type":"product","link":"https:\/\/kristibam.lv\/lv\/produkts\/dvielis-ar-zelta-putniem\/","title":{"rendered":"Dvielis ar zelta putniem"},"content":{"rendered":"<p>Balts dvielis ar zelta kr\u0101sas iz\u0161uvumu.<\/p>\n<p>Izgatavo\u0161anas laiks 1-2 dienas<\/p>\n<p>Iz\u0161uvuma kr\u0101su un dizainu iesp\u0113jams main\u012bt.<\/p>\n<p>Materi\u0101ls: 100%<\/p>\n<p>Specifik\u0101cija: Vides un vesel\u012bbas sertifik\u0101cija: STANDARD 100 no OEKO-TEX\u00ae<\/p>\n<p>Auduma bl\u012bvums: 400 g\/m\u00b2<\/p>\n<p>Mazg\u0101\u0161ana: 60\u00b0C<\/p>","protected":false},"excerpt":{"rendered":"<p>Balts dvielis ar zelta kr\u0101sas iz\u0161uvumu. Izgatavo\u0161anas laiks 1-2 dienas<\/p>\n","protected":false},"featured_media":5631,"template":"","meta":[],"product_cat":[336,350],"product_tag":[435,359,386],"_links":{"self":[{"href":"https:\/\/kristibam.lv\/lv\/wp-json\/wp\/v2\/product\/5628"}],"collection":[{"href":"https:\/\/kristibam.lv\/lv\/wp-json\/wp\/v2\/product"}],"about":[{"href":"https:\/\/kristibam.lv\/lv\/wp-json\/wp\/v2\/types\/product"}],"wp:featuredmedia":[{"embeddable":true,"href":"https:\/\/kristibam.lv\/lv\/wp-json\/wp\/v2\/media\/5631"}],"wp:attachment":[{"href":"https:\/\/kristibam.lv\/lv\/wp-json\/wp\/v2\/media?parent=5628"}],"wp:term":[{"taxonomy":"product_cat","embeddable":true,"href":"https:\/\/kristibam.lv\/lv\/wp-json\/wp\/v2\/product_cat?post=5628"},{"taxonomy":"product_tag","embeddable":true,"href":"https:\/\/kristibam.lv\/lv\/wp-json\/wp\/v2\/product_tag?post=5628"}],"curies":[{"name":"wp","href":"https:\/\/api.w.org\/{rel}","templated":true}]}}