{"id":5621,"date":"2023-10-29T20:51:55","date_gmt":"2023-10-29T18:51:55","guid":{"rendered":"https:\/\/kristibam.lv\/lv\/?post_type=product&#038;p=5621"},"modified":"2023-10-29T21:08:12","modified_gmt":"2023-10-29T19:08:12","slug":"dvielis-sarga-un-sveti","status":"publish","type":"product","link":"https:\/\/kristibam.lv\/lv\/produkts\/dvielis-sarga-un-sveti\/","title":{"rendered":"Dvielis- &#8220;Sarg\u0101 un sv\u0113t\u012b&#8221;"},"content":{"rendered":"<p>Balts dvielis ar iz\u0161uvumu un me\u017e\u0123\u012bni- &#8220;Sarg\u0101 un sv\u0113t\u012b&#8221;<\/p>\n<p>Izgatavo\u0161anas laiks 1-2 dienas<\/p>\n<p>Iz\u0161uvuma kr\u0101su un dizainu iesp\u0113jams main\u012bt.<\/p>\n<p>Materi\u0101ls: 100%<\/p>\n<p>Specifik\u0101cija: Vides un vesel\u012bbas sertifik\u0101cija: STANDARD 100 no OEKO-TEX\u00ae<\/p>\n<p>Auduma bl\u012bvums: 400 g\/m\u00b2<\/p>\n<p>Mazg\u0101\u0161ana: 60\u00b0C<\/p>","protected":false},"excerpt":{"rendered":"<p>Balts dvielis ar iz\u0161uvumu un me\u017e\u0123\u012bni. Izgatavo\u0161anas laiks 1-2 dienas<\/p>\n","protected":false},"featured_media":5624,"template":"","meta":[],"product_cat":[336,350],"product_tag":[358,359,386],"_links":{"self":[{"href":"https:\/\/kristibam.lv\/lv\/wp-json\/wp\/v2\/product\/5621"}],"collection":[{"href":"https:\/\/kristibam.lv\/lv\/wp-json\/wp\/v2\/product"}],"about":[{"href":"https:\/\/kristibam.lv\/lv\/wp-json\/wp\/v2\/types\/product"}],"wp:featuredmedia":[{"embeddable":true,"href":"https:\/\/kristibam.lv\/lv\/wp-json\/wp\/v2\/media\/5624"}],"wp:attachment":[{"href":"https:\/\/kristibam.lv\/lv\/wp-json\/wp\/v2\/media?parent=5621"}],"wp:term":[{"taxonomy":"product_cat","embeddable":true,"href":"https:\/\/kristibam.lv\/lv\/wp-json\/wp\/v2\/product_cat?post=5621"},{"taxonomy":"product_tag","embeddable":true,"href":"https:\/\/kristibam.lv\/lv\/wp-json\/wp\/v2\/product_tag?post=5621"}],"curies":[{"name":"wp","href":"https:\/\/api.w.org\/{rel}","templated":true}]}}