{"id":5611,"date":"2023-10-29T19:30:05","date_gmt":"2023-10-29T17:30:05","guid":{"rendered":"https:\/\/kristibam.lv\/lv\/?post_type=product&#038;p=5611"},"modified":"2023-10-29T20:00:29","modified_gmt":"2023-10-29T18:00:29","slug":"izsuts-personalizets-dvielis","status":"publish","type":"product","link":"https:\/\/kristibam.lv\/lv\/produkts\/izsuts-personalizets-dvielis\/","title":{"rendered":"Iz\u0161\u016bts personaliz\u0113ts dvielis"},"content":{"rendered":"<p>Balts frot\u0113 auduma dvielis\u00a0 ar personaliz\u0113tu iz\u0161uvumu. Izgatavo\u0161anas laiks 1-2 dienas<\/p>\n<p>Iz\u0161uvuma kr\u0101su iesp\u0113jams main\u012bt.<\/p>\n<p>Materi\u0101ls: 100%<\/p>\n<p>Specifik\u0101cija: Vides un vesel\u012bbas sertifik\u0101cija: STANDARD 100 no OEKO-TEX\u00ae<\/p>\n<p>Auduma bl\u012bvums: 400 g\/m\u00b2<\/p>\n<div class=\"col label\">Mazg\u0101\u0161ana: 60\u00b0C<\/div>\n<p>&nbsp;<\/p>","protected":false},"excerpt":{"rendered":"<p>Balts frot\u0113 auduma dviel\u012btis ar iz\u0161uvumu. Izgatavo\u0161anas laiks 1-2 dienas!<\/p>\n","protected":false},"featured_media":5360,"template":"","meta":[],"product_cat":[336,350],"product_tag":[359,382,386],"_links":{"self":[{"href":"https:\/\/kristibam.lv\/lv\/wp-json\/wp\/v2\/product\/5611"}],"collection":[{"href":"https:\/\/kristibam.lv\/lv\/wp-json\/wp\/v2\/product"}],"about":[{"href":"https:\/\/kristibam.lv\/lv\/wp-json\/wp\/v2\/types\/product"}],"wp:featuredmedia":[{"embeddable":true,"href":"https:\/\/kristibam.lv\/lv\/wp-json\/wp\/v2\/media\/5360"}],"wp:attachment":[{"href":"https:\/\/kristibam.lv\/lv\/wp-json\/wp\/v2\/media?parent=5611"}],"wp:term":[{"taxonomy":"product_cat","embeddable":true,"href":"https:\/\/kristibam.lv\/lv\/wp-json\/wp\/v2\/product_cat?post=5611"},{"taxonomy":"product_tag","embeddable":true,"href":"https:\/\/kristibam.lv\/lv\/wp-json\/wp\/v2\/product_tag?post=5611"}],"curies":[{"name":"wp","href":"https:\/\/api.w.org\/{rel}","templated":true}]}}