{"id":5589,"date":"2023-10-28T16:37:14","date_gmt":"2023-10-28T13:37:14","guid":{"rendered":"https:\/\/kristibam.lv\/lv\/?post_type=product&#038;p=5589"},"modified":"2023-10-29T20:28:05","modified_gmt":"2023-10-29T18:28:05","slug":"kristibu-dienas-dvielis","status":"publish","type":"product","link":"https:\/\/kristibam.lv\/lv\/produkts\/kristibu-dienas-dvielis-2\/","title":{"rendered":"Krist\u012bbu dienas dvielis"},"content":{"rendered":"<p>Balts frot\u0113 auduma dvielis\u00a0 ar personaliz\u0113tu iz\u0161uvumu. Izgatavo\u0161anas laiks 1-2 dienas<\/p>\n<p>Iz\u0161uvuma kr\u0101su iesp\u0113jams main\u012bt.<\/p>\n<p>Materi\u0101ls: 100%<\/p>\n<p>Specifik\u0101cija: Vides un vesel\u012bbas sertifik\u0101cija: STANDARD 100 no OEKO-TEX\u00ae<\/p>\n<p>Auduma bl\u012bvums: 400 g\/m\u00b2<\/p>\n<div class=\"col label\">Mazg\u0101\u0161ana: 60\u00b0C<\/div>\n<p>&nbsp;<\/p>","protected":false},"excerpt":{"rendered":"<p>Balts frot\u0113 auduma dviel\u012btis ar iz\u0161uvumu. Izgatavo\u0161anas laiks 1-2 dienas!<\/p>\n","protected":false},"featured_media":5366,"template":"","meta":[],"product_cat":[336,350],"product_tag":[359,382,385],"_links":{"self":[{"href":"https:\/\/kristibam.lv\/lv\/wp-json\/wp\/v2\/product\/5589"}],"collection":[{"href":"https:\/\/kristibam.lv\/lv\/wp-json\/wp\/v2\/product"}],"about":[{"href":"https:\/\/kristibam.lv\/lv\/wp-json\/wp\/v2\/types\/product"}],"wp:featuredmedia":[{"embeddable":true,"href":"https:\/\/kristibam.lv\/lv\/wp-json\/wp\/v2\/media\/5366"}],"wp:attachment":[{"href":"https:\/\/kristibam.lv\/lv\/wp-json\/wp\/v2\/media?parent=5589"}],"wp:term":[{"taxonomy":"product_cat","embeddable":true,"href":"https:\/\/kristibam.lv\/lv\/wp-json\/wp\/v2\/product_cat?post=5589"},{"taxonomy":"product_tag","embeddable":true,"href":"https:\/\/kristibam.lv\/lv\/wp-json\/wp\/v2\/product_tag?post=5589"}],"curies":[{"name":"wp","href":"https:\/\/api.w.org\/{rel}","templated":true}]}}