{"id":5385,"date":"2022-07-02T20:48:09","date_gmt":"2022-07-02T20:48:09","guid":{"rendered":"https:\/\/kristibam.lv\/lv\/?post_type=product&#038;p=5385"},"modified":"2022-07-02T20:50:15","modified_gmt":"2022-07-02T20:50:15","slug":"prieksautins-kristibam","status":"publish","type":"product","link":"https:\/\/kristibam.lv\/lv\/produkts\/prieksautins-kristibam\/","title":{"rendered":"Priek\u0161auti\u0146\u0161 krist\u012bb\u0101m"},"content":{"rendered":"<p>Dekorat\u012bvs priek\u0161auti\u0146\u0161 ar iz\u0161uvumu. Tas b\u016bs k\u0101 skaists aksesu\u0101rs kas papildin\u0101s t\u0113rpu.<br \/>\n<\/p>","protected":false},"excerpt":{"rendered":"<p>Dekorat\u012bvs priek\u0161auti\u0146\u0161 ar iz\u0161uvumu. Tas b\u016bs k\u0101 skaists aksesu\u0101rs kas papildin\u0101s t\u0113rpu.<\/p>\n","protected":false},"featured_media":5377,"template":"","meta":[],"product_cat":[336,335,348,432,342,334],"product_tag":[358,382,378],"_links":{"self":[{"href":"https:\/\/kristibam.lv\/lv\/wp-json\/wp\/v2\/product\/5385"}],"collection":[{"href":"https:\/\/kristibam.lv\/lv\/wp-json\/wp\/v2\/product"}],"about":[{"href":"https:\/\/kristibam.lv\/lv\/wp-json\/wp\/v2\/types\/product"}],"wp:featuredmedia":[{"embeddable":true,"href":"https:\/\/kristibam.lv\/lv\/wp-json\/wp\/v2\/media\/5377"}],"wp:attachment":[{"href":"https:\/\/kristibam.lv\/lv\/wp-json\/wp\/v2\/media?parent=5385"}],"wp:term":[{"taxonomy":"product_cat","embeddable":true,"href":"https:\/\/kristibam.lv\/lv\/wp-json\/wp\/v2\/product_cat?post=5385"},{"taxonomy":"product_tag","embeddable":true,"href":"https:\/\/kristibam.lv\/lv\/wp-json\/wp\/v2\/product_tag?post=5385"}],"curies":[{"name":"wp","href":"https:\/\/api.w.org\/{rel}","templated":true}]}}