{"id":5370,"date":"2022-07-02T20:33:48","date_gmt":"2022-07-02T20:33:48","guid":{"rendered":"https:\/\/kristibam.lv\/lv\/?post_type=product&#038;p=5370"},"modified":"2022-07-02T20:41:01","modified_gmt":"2022-07-02T20:41:01","slug":"prieksautins-ar-mezginem","status":"publish","type":"product","link":"https:\/\/kristibam.lv\/lv\/produkts\/prieksautins-ar-mezginem\/","title":{"rendered":"Priek\u0161auti\u0146\u0161 ar me\u017e\u0123\u012bn\u0113m"},"content":{"rendered":"<p>Dekorat\u012bvs priek\u0161auti\u0146\u0161 ar iz\u0161uvumu. Tas b\u016bs k\u0101 skaists aksesu\u0101rs kas papildin\u0101s t\u0113rpu.<br \/>\n<\/p>","protected":false},"excerpt":{"rendered":"<p>Dekorat\u012bvs priek\u0161auti\u0146\u0161 ar iz\u0161uvumu. Tas b\u016bs k\u0101 skaists aksesu\u0101rs kas papildin\u0101s t\u0113rpu.<\/p>\n","protected":false},"featured_media":5371,"template":"","meta":[],"product_cat":[336,335,432,348],"product_tag":[358,382,380],"_links":{"self":[{"href":"https:\/\/kristibam.lv\/lv\/wp-json\/wp\/v2\/product\/5370"}],"collection":[{"href":"https:\/\/kristibam.lv\/lv\/wp-json\/wp\/v2\/product"}],"about":[{"href":"https:\/\/kristibam.lv\/lv\/wp-json\/wp\/v2\/types\/product"}],"wp:featuredmedia":[{"embeddable":true,"href":"https:\/\/kristibam.lv\/lv\/wp-json\/wp\/v2\/media\/5371"}],"wp:attachment":[{"href":"https:\/\/kristibam.lv\/lv\/wp-json\/wp\/v2\/media?parent=5370"}],"wp:term":[{"taxonomy":"product_cat","embeddable":true,"href":"https:\/\/kristibam.lv\/lv\/wp-json\/wp\/v2\/product_cat?post=5370"},{"taxonomy":"product_tag","embeddable":true,"href":"https:\/\/kristibam.lv\/lv\/wp-json\/wp\/v2\/product_tag?post=5370"}],"curies":[{"name":"wp","href":"https:\/\/api.w.org\/{rel}","templated":true}]}}