{"id":5340,"date":"2022-07-02T15:47:05","date_gmt":"2022-07-02T15:47:05","guid":{"rendered":"https:\/\/kristibam.lv\/lv\/?post_type=product&#038;p=5340"},"modified":"2023-10-28T16:22:03","modified_gmt":"2023-10-28T13:22:03","slug":"kristibu-dvielu-komplekts","status":"publish","type":"product","link":"https:\/\/kristibam.lv\/lv\/produkts\/kristibu-dvielu-komplekts\/","title":{"rendered":"Krist\u012bbu dvie\u013cu komplekts"},"content":{"rendered":"<p>Dvie\u013cu komplekts krist\u012bb\u0101m. Izgatavo\u0161anas laiks 1-2 dienas<\/p>\n<p>Iz\u0161uvuma kr\u0101su iesp\u0113jams main\u012bt.<br \/>\nLielais dvielis izm\u0113rs: 50x90cm<br \/>\nMazais dvielis 30&#215;50 cm<\/p>\n<p>Materi\u0101ls: 100%<\/p>\n<p>Specifik\u0101cija: Vides un vesel\u012bbas sertifik\u0101cija: STANDARD 100 no OEKO-TEX\u00ae<\/p>\n<p>Auduma bl\u012bvums: 400 g\/m\u00b2<\/p>\n<p>Mazg\u0101\u0161ana: 60\u00b0C<\/p>","protected":false},"excerpt":{"rendered":"<p>Dvie\u013cu komplekts krist\u012bb\u0101m. (izm\u0113rs 30&#215;50; 50&#215;90) Izgatavo\u0161anas laiks 1-2 dienas<\/p>\n","protected":false},"featured_media":5354,"template":"","meta":[],"product_cat":[336,350],"product_tag":[358,383,384],"_links":{"self":[{"href":"https:\/\/kristibam.lv\/lv\/wp-json\/wp\/v2\/product\/5340"}],"collection":[{"href":"https:\/\/kristibam.lv\/lv\/wp-json\/wp\/v2\/product"}],"about":[{"href":"https:\/\/kristibam.lv\/lv\/wp-json\/wp\/v2\/types\/product"}],"wp:featuredmedia":[{"embeddable":true,"href":"https:\/\/kristibam.lv\/lv\/wp-json\/wp\/v2\/media\/5354"}],"wp:attachment":[{"href":"https:\/\/kristibam.lv\/lv\/wp-json\/wp\/v2\/media?parent=5340"}],"wp:term":[{"taxonomy":"product_cat","embeddable":true,"href":"https:\/\/kristibam.lv\/lv\/wp-json\/wp\/v2\/product_cat?post=5340"},{"taxonomy":"product_tag","embeddable":true,"href":"https:\/\/kristibam.lv\/lv\/wp-json\/wp\/v2\/product_tag?post=5340"}],"curies":[{"name":"wp","href":"https:\/\/api.w.org\/{rel}","templated":true}]}}