{"id":5328,"date":"2022-07-02T15:27:44","date_gmt":"2022-07-02T15:27:44","guid":{"rendered":"https:\/\/kristibam.lv\/lv\/?post_type=product&#038;p=5328"},"modified":"2023-10-29T20:48:12","modified_gmt":"2023-10-29T18:48:12","slug":"balts-dvielis-ar-izsuvumu","status":"publish","type":"product","link":"https:\/\/kristibam.lv\/lv\/produkts\/balts-dvielis-ar-izsuvumu\/","title":{"rendered":"Balts dvielis ar iz\u0161uvumu"},"content":{"rendered":"<p>Balts dvielis ar iz\u0161uvumu- Mana krist\u012bbu diena<\/p>\n<p>Izgatavo\u0161anas laiks 1-2 dienas<\/p>\n<p>Iz\u0161uvuma kr\u0101su un dizainu iesp\u0113jams main\u012bt.<\/p>\n<p>Materi\u0101ls: 100%<\/p>\n<p>Specifik\u0101cija: Vides un vesel\u012bbas sertifik\u0101cija: STANDARD 100 no OEKO-TEX\u00ae<\/p>\n<p>Auduma bl\u012bvums: 400 g\/m\u00b2<\/p>\n<p>Mazg\u0101\u0161ana: 60\u00b0C<\/p>","protected":false},"excerpt":{"rendered":"<p>Dvielis ar iz\u0161uvumu- Mana krist\u012bbu diena. Izgatavo\u0161anas laiks 1-2 dienas<\/p>\n","protected":false},"featured_media":5364,"template":"","meta":[],"product_cat":[336,350],"product_tag":[430,358,359],"_links":{"self":[{"href":"https:\/\/kristibam.lv\/lv\/wp-json\/wp\/v2\/product\/5328"}],"collection":[{"href":"https:\/\/kristibam.lv\/lv\/wp-json\/wp\/v2\/product"}],"about":[{"href":"https:\/\/kristibam.lv\/lv\/wp-json\/wp\/v2\/types\/product"}],"wp:featuredmedia":[{"embeddable":true,"href":"https:\/\/kristibam.lv\/lv\/wp-json\/wp\/v2\/media\/5364"}],"wp:attachment":[{"href":"https:\/\/kristibam.lv\/lv\/wp-json\/wp\/v2\/media?parent=5328"}],"wp:term":[{"taxonomy":"product_cat","embeddable":true,"href":"https:\/\/kristibam.lv\/lv\/wp-json\/wp\/v2\/product_cat?post=5328"},{"taxonomy":"product_tag","embeddable":true,"href":"https:\/\/kristibam.lv\/lv\/wp-json\/wp\/v2\/product_tag?post=5328"}],"curies":[{"name":"wp","href":"https:\/\/api.w.org\/{rel}","templated":true}]}}