{"id":5125,"date":"2022-02-16T16:18:15","date_gmt":"2022-02-16T16:18:15","guid":{"rendered":"https:\/\/kristibam.lv\/lv\/?post_type=product&#038;p=5125"},"modified":"2022-05-21T17:40:52","modified_gmt":"2022-05-21T17:40:52","slug":"lina-kokvilnas-kostims-un-cepure","status":"publish","type":"product","link":"https:\/\/kristibam.lv\/lv\/produkts\/lina-kokvilnas-kostims-un-cepure\/","title":{"rendered":"Lina-kokvilnas kost\u012bms un cepure"},"content":{"rendered":"<p>Lina-kokvilnas kost\u012bms un cepure<\/p>\n<p>Izmantotie materi\u0101li:<br \/>\n-krekla da\u013ca 100% kokvila<br \/>\n-bik\u0161u da\u013ca 100% lins (lina kr\u0101su iesp\u0113jams main\u012bt)<br \/>\n-gar\u0161 r\u0101v\u0113jsl\u0113dzis mugurda\u013c\u0101<\/p>\n<p>Izgatavo\u0161anas laiks 5-10 dienas<br \/>\n! Pas\u016bti savu izm\u0113ru !<\/p>","protected":false},"excerpt":{"rendered":"<p>! Pas\u016bti sev vajadz\u012bgo izm\u0113ru! Ap\u0123\u0113rbs tiks izgatavots individu\u0101li p\u0113c J\u016bsu b\u0113rna izm\u0113riem. Lina-kokvilnas kost\u012bms un cepure<\/p>\n","protected":false},"featured_media":5126,"template":"","meta":[],"product_cat":[337,334],"product_tag":[361,380,379,360],"_links":{"self":[{"href":"https:\/\/kristibam.lv\/lv\/wp-json\/wp\/v2\/product\/5125"}],"collection":[{"href":"https:\/\/kristibam.lv\/lv\/wp-json\/wp\/v2\/product"}],"about":[{"href":"https:\/\/kristibam.lv\/lv\/wp-json\/wp\/v2\/types\/product"}],"wp:featuredmedia":[{"embeddable":true,"href":"https:\/\/kristibam.lv\/lv\/wp-json\/wp\/v2\/media\/5126"}],"wp:attachment":[{"href":"https:\/\/kristibam.lv\/lv\/wp-json\/wp\/v2\/media?parent=5125"}],"wp:term":[{"taxonomy":"product_cat","embeddable":true,"href":"https:\/\/kristibam.lv\/lv\/wp-json\/wp\/v2\/product_cat?post=5125"},{"taxonomy":"product_tag","embeddable":true,"href":"https:\/\/kristibam.lv\/lv\/wp-json\/wp\/v2\/product_tag?post=5125"}],"curies":[{"name":"wp","href":"https:\/\/api.w.org\/{rel}","templated":true}]}}