{"id":5123,"date":"2022-02-16T16:06:17","date_gmt":"2022-02-16T16:06:17","guid":{"rendered":"https:\/\/kristibam.lv\/lv\/?post_type=product&#038;p=5123"},"modified":"2022-05-21T17:04:57","modified_gmt":"2022-05-21T17:04:57","slug":"klasiskais-kostims-un-kurpites","status":"publish","type":"product","link":"https:\/\/kristibam.lv\/lv\/produkts\/klasiskais-kostims-un-kurpites\/","title":{"rendered":"Klasiskais kost\u012bms un kurp\u012btes"},"content":{"rendered":"<p>Klasiskais kost\u012bms ar vesti un kurp\u012btes. Vestes un apdares deta\u013cu kr\u0101su ir iesp\u0113jams main\u012bt.<\/p>\n<p>Izmantotie materi\u0101li:<\/p>\n<p>-piena balts kost\u012bmaudums<br \/>\n-br\u016bns kost\u012bmaudums<br \/>\n-gar\u0161 sl\u0113dzis mugurda\u013c\u0101<\/p>\n<p>Izgatavo\u0161anas laiks 5-10 dienas<br \/>\n! Pas\u016bti savu izm\u0113ru !<\/p>","protected":false},"excerpt":{"rendered":"<p>! Pas\u016bti sev vajadz\u012bgo izm\u0113ru ! Ap\u0123\u0113rbs tiks izgatavots individu\u0101li p\u0113c J\u016bsu b\u0113rna izm\u0113riem. Klasiskais kost\u012bms ar vesti. (Vestes un apdares deta\u013cu toni var main\u012bt)<\/p>\n","protected":false},"featured_media":5124,"template":"","meta":[],"product_cat":[337,334],"product_tag":[361,362,379],"_links":{"self":[{"href":"https:\/\/kristibam.lv\/lv\/wp-json\/wp\/v2\/product\/5123"}],"collection":[{"href":"https:\/\/kristibam.lv\/lv\/wp-json\/wp\/v2\/product"}],"about":[{"href":"https:\/\/kristibam.lv\/lv\/wp-json\/wp\/v2\/types\/product"}],"wp:featuredmedia":[{"embeddable":true,"href":"https:\/\/kristibam.lv\/lv\/wp-json\/wp\/v2\/media\/5124"}],"wp:attachment":[{"href":"https:\/\/kristibam.lv\/lv\/wp-json\/wp\/v2\/media?parent=5123"}],"wp:term":[{"taxonomy":"product_cat","embeddable":true,"href":"https:\/\/kristibam.lv\/lv\/wp-json\/wp\/v2\/product_cat?post=5123"},{"taxonomy":"product_tag","embeddable":true,"href":"https:\/\/kristibam.lv\/lv\/wp-json\/wp\/v2\/product_tag?post=5123"}],"curies":[{"name":"wp","href":"https:\/\/api.w.org\/{rel}","templated":true}]}}