{"id":5085,"date":"2021-07-19T18:08:05","date_gmt":"2021-07-19T18:08:05","guid":{"rendered":"https:\/\/kristibam.lv\/lv\/?post_type=product&#038;p=5085"},"modified":"2022-02-13T09:49:32","modified_gmt":"2022-02-13T09:49:32","slug":"klasiskais-kostims-ar-vesti","status":"publish","type":"product","link":"https:\/\/kristibam.lv\/lv\/produkts\/klasiskais-kostims-ar-vesti\/","title":{"rendered":"Klasiskais kost\u012bms ar vesti"},"content":{"rendered":"<p>Klasiskais kost\u012bms ar vesti, cepur\u012bte un kurp\u012btes. Vestes un apdares deta\u013cu kr\u0101su ir iesp\u0113jams main\u012bt.<\/p>\n<p>Izmantotie materi\u0101li:<\/p>\n<p>-balts kost\u012bmaudums<br \/>\n-b\u0113\u0161\u012bgs kost\u012bmaudums<br \/>\n-gar\u0161 sl\u0113dzis mugurda\u013c\u0101<\/p>\n<p>Izgatavo\u0161anas laiks 5-10 dienas<br \/>\n! Pas\u016bti savu izm\u0113ru !<\/p>","protected":false},"excerpt":{"rendered":"<p>! Pas\u016bti sev vajadz\u012bgo izm\u0113ru ! Ap\u0123\u0113rbs tiks izgatavots individu\u0101li p\u0113c J\u016bsu b\u0113rna izm\u0113riem. Klasiskais kost\u012bms ar vesti. (Vestes un apdares deta\u013cu toni var main\u012bt)<\/p>\n","protected":false},"featured_media":5089,"template":"","meta":[],"product_cat":[337,334],"product_tag":[382,361,379],"_links":{"self":[{"href":"https:\/\/kristibam.lv\/lv\/wp-json\/wp\/v2\/product\/5085"}],"collection":[{"href":"https:\/\/kristibam.lv\/lv\/wp-json\/wp\/v2\/product"}],"about":[{"href":"https:\/\/kristibam.lv\/lv\/wp-json\/wp\/v2\/types\/product"}],"wp:featuredmedia":[{"embeddable":true,"href":"https:\/\/kristibam.lv\/lv\/wp-json\/wp\/v2\/media\/5089"}],"wp:attachment":[{"href":"https:\/\/kristibam.lv\/lv\/wp-json\/wp\/v2\/media?parent=5085"}],"wp:term":[{"taxonomy":"product_cat","embeddable":true,"href":"https:\/\/kristibam.lv\/lv\/wp-json\/wp\/v2\/product_cat?post=5085"},{"taxonomy":"product_tag","embeddable":true,"href":"https:\/\/kristibam.lv\/lv\/wp-json\/wp\/v2\/product_tag?post=5085"}],"curies":[{"name":"wp","href":"https:\/\/api.w.org\/{rel}","templated":true}]}}