{"id":5083,"date":"2021-07-19T17:50:07","date_gmt":"2021-07-19T17:50:07","guid":{"rendered":"https:\/\/kristibam.lv\/lv\/?post_type=product&#038;p=5083"},"modified":"2022-02-13T10:47:03","modified_gmt":"2022-02-13T10:47:03","slug":"kristibu-kostims-martins","status":"publish","type":"product","link":"https:\/\/kristibam.lv\/lv\/produkts\/kristibu-kostims-ar-zelta-malinu\/","title":{"rendered":"Krist\u012bbu kost\u012bms ar zelta mali\u0146u"},"content":{"rendered":"<p>Krist\u012bbu kost\u012bms ar zelta mali\u0146u, cepure un kurp\u012btes. Krusti\u0146a kr\u0101su un apdares kantes kr\u0101su var main\u012bt.<\/p>\n<p>Izmantotie materi\u0101li:<\/p>\n<p>-kost\u012bmaudums (audumu var main\u012bt)<br \/>\n-odere kr\u016b\u0161u da\u013c\u0101 100% kokvilna<br \/>\n-gar\u0161 sl\u0113dzis mugurda\u013c\u0101<\/p>\n<p>Izgatavo\u0161anas laiks 5-10 dienas<br \/>\n! Pas\u016bti savu izm\u0113ru !<br \/>\n<\/p>","protected":false},"excerpt":{"rendered":"<p>! Pas\u016bti sev vajadz\u012bgo izm\u0113ru ! Ap\u0123\u0113rbs tiks izgatavots individu\u0101li p\u0113c J\u016bsu b\u0113rna izm\u0113riem. Krist\u012bbu kost\u012bms ar zelta mali\u0146u, cepure un kurp\u012btes.<\/p>\n","protected":false},"featured_media":5078,"template":"","meta":[],"product_cat":[337,334],"product_tag":[361,378,380,379],"_links":{"self":[{"href":"https:\/\/kristibam.lv\/lv\/wp-json\/wp\/v2\/product\/5083"}],"collection":[{"href":"https:\/\/kristibam.lv\/lv\/wp-json\/wp\/v2\/product"}],"about":[{"href":"https:\/\/kristibam.lv\/lv\/wp-json\/wp\/v2\/types\/product"}],"wp:featuredmedia":[{"embeddable":true,"href":"https:\/\/kristibam.lv\/lv\/wp-json\/wp\/v2\/media\/5078"}],"wp:attachment":[{"href":"https:\/\/kristibam.lv\/lv\/wp-json\/wp\/v2\/media?parent=5083"}],"wp:term":[{"taxonomy":"product_cat","embeddable":true,"href":"https:\/\/kristibam.lv\/lv\/wp-json\/wp\/v2\/product_cat?post=5083"},{"taxonomy":"product_tag","embeddable":true,"href":"https:\/\/kristibam.lv\/lv\/wp-json\/wp\/v2\/product_tag?post=5083"}],"curies":[{"name":"wp","href":"https:\/\/api.w.org\/{rel}","templated":true}]}}