{"id":5071,"date":"2021-07-17T19:52:20","date_gmt":"2021-07-17T19:52:20","guid":{"rendered":"https:\/\/kristibam.lv\/lv\/?post_type=product&#038;p=5071"},"modified":"2022-02-13T11:08:21","modified_gmt":"2022-02-13T11:08:21","slug":"kostims-ar-kreklu-un-biksem","status":"publish","type":"product","link":"https:\/\/kristibam.lv\/lv\/produkts\/kokvilnas-krekls-lina-bikses-un-taurins\/","title":{"rendered":"Kokvilnas krekls, lina bikses un tauri\u0146\u0161"},"content":{"rendered":"<p>Kokvilnas krekls, lina bikses un tauri\u0146\u0161.<br \/>\nBikses ar regul\u0113jam\u0101m lenc\u0113m.<br \/>\nGar\u0161, apak\u0161da\u013c\u0101 aizpog\u0101jams krekls no kokvilnas.<\/p>\n<p>Izmantotie materi\u0101li:<\/p>\n<p>-krekls 100% kokvila<br \/>\n-Bikses 100% lins (lina kr\u0101su iesp\u0113jams main\u012bt uz citu toni)<br \/>\n-pogas<\/p>\n<p>Izgatavo\u0161anas laiks 5-10 dienas<br \/>\n! Pas\u016bti savu izm\u0113ru !<br \/>\n<\/p>","protected":false},"excerpt":{"rendered":"<p>! Pas\u016bti sev vajadz\u012bgo izm\u0113ru! Ap\u0123\u0113rbs tiks izgatavots individu\u0101li p\u0113c J\u016bsu b\u0113rna izm\u0113riem. Kokvilnas krekls, lina bikses un tauri\u0146\u0161.<\/p>\n","protected":false},"featured_media":5063,"template":"","meta":[],"product_cat":[337,334],"product_tag":[361,379,360,384],"_links":{"self":[{"href":"https:\/\/kristibam.lv\/lv\/wp-json\/wp\/v2\/product\/5071"}],"collection":[{"href":"https:\/\/kristibam.lv\/lv\/wp-json\/wp\/v2\/product"}],"about":[{"href":"https:\/\/kristibam.lv\/lv\/wp-json\/wp\/v2\/types\/product"}],"wp:featuredmedia":[{"embeddable":true,"href":"https:\/\/kristibam.lv\/lv\/wp-json\/wp\/v2\/media\/5063"}],"wp:attachment":[{"href":"https:\/\/kristibam.lv\/lv\/wp-json\/wp\/v2\/media?parent=5071"}],"wp:term":[{"taxonomy":"product_cat","embeddable":true,"href":"https:\/\/kristibam.lv\/lv\/wp-json\/wp\/v2\/product_cat?post=5071"},{"taxonomy":"product_tag","embeddable":true,"href":"https:\/\/kristibam.lv\/lv\/wp-json\/wp\/v2\/product_tag?post=5071"}],"curies":[{"name":"wp","href":"https:\/\/api.w.org\/{rel}","templated":true}]}}