{"id":5067,"date":"2021-07-15T20:00:45","date_gmt":"2021-07-15T20:00:45","guid":{"rendered":"https:\/\/kristibam.lv\/lv\/?post_type=product&#038;p=5067"},"modified":"2022-02-13T12:08:08","modified_gmt":"2022-02-13T12:08:08","slug":"kopejais-lina-kostims","status":"publish","type":"product","link":"https:\/\/kristibam.lv\/lv\/produkts\/bruns-lina-kostims-cepure-un-kurpites\/","title":{"rendered":"Br\u016bns lina kost\u012bms, cepure un kurp\u012btes"},"content":{"rendered":"<p>Br\u016bns lina kost\u012bms, cepure un kurp\u012btes.<br \/>\nCepures modeli iesp\u0113jams main\u012bt.<\/p>\n<p>Izmantotie materi\u0101li:<br \/>\n-krekla da\u013ca 100% kokvila<br \/>\n-bik\u0161u da\u013ca  100% lins (lina kr\u0101su iesp\u0113jams main\u012bt)<br \/>\n-gar\u0161 r\u0101v\u0113sl\u0113dzis mugurda\u013c\u0101<\/p>\n<p>Izgatavo\u0161anas laiks 5-10 dienas<br \/>\n! Pas\u016bti savu izm\u0113ru !<\/p>","protected":false},"excerpt":{"rendered":"<p>! Pas\u016bti sev vajadz\u012bgo izm\u0113ru! Ap\u0123\u0113rbs tiks izgatavots individu\u0101li p\u0113c J\u016bsu b\u0113rna izm\u0113riem. Br\u016bns lina kost\u012bms, cepure un kurp\u012btes<\/p>\n","protected":false},"featured_media":5062,"template":"","meta":[],"product_cat":[337,334],"product_tag":[422,361,386,379],"_links":{"self":[{"href":"https:\/\/kristibam.lv\/lv\/wp-json\/wp\/v2\/product\/5067"}],"collection":[{"href":"https:\/\/kristibam.lv\/lv\/wp-json\/wp\/v2\/product"}],"about":[{"href":"https:\/\/kristibam.lv\/lv\/wp-json\/wp\/v2\/types\/product"}],"wp:featuredmedia":[{"embeddable":true,"href":"https:\/\/kristibam.lv\/lv\/wp-json\/wp\/v2\/media\/5062"}],"wp:attachment":[{"href":"https:\/\/kristibam.lv\/lv\/wp-json\/wp\/v2\/media?parent=5067"}],"wp:term":[{"taxonomy":"product_cat","embeddable":true,"href":"https:\/\/kristibam.lv\/lv\/wp-json\/wp\/v2\/product_cat?post=5067"},{"taxonomy":"product_tag","embeddable":true,"href":"https:\/\/kristibam.lv\/lv\/wp-json\/wp\/v2\/product_tag?post=5067"}],"curies":[{"name":"wp","href":"https:\/\/api.w.org\/{rel}","templated":true}]}}