{"id":5066,"date":"2021-07-15T19:54:04","date_gmt":"2021-07-15T19:54:04","guid":{"rendered":"https:\/\/kristibam.lv\/lv\/?post_type=product&#038;p=5066"},"modified":"2022-10-31T07:23:57","modified_gmt":"2022-10-31T07:23:57","slug":"klasiskais-kostims","status":"publish","type":"product","link":"https:\/\/kristibam.lv\/lv\/produkts\/klasiskais-kostims\/","title":{"rendered":"Klasiskais kost\u012bms"},"content":{"rendered":"<p>Klasiskais kost\u012bms, cepure un kurp\u012btes.<br \/>\nCepures modeli iesp\u0113jams main\u012bt.<\/p>\n<p>Izmantotie materi\u0101li:<br \/>\n-atlass (Poliesters)<br \/>\n-gar\u0161 r\u0101v\u0113jsl\u0113dzis mugurda\u013c\u0101<br \/>\n-vestes kr\u0101su var main\u012bt<\/p>\n<p>Izgatavo\u0161anas laiks 5-10 dienas<br \/>\n! Pas\u016bti savu izm\u0113ru !<\/p>","protected":false},"excerpt":{"rendered":"<p>! Pas\u016bti sev vajadz\u012bgo izm\u0113ru! Ap\u0123\u0113rbs tiks izgatavots individu\u0101li p\u0113c J\u016bsu b\u0113rna izm\u0113riem. Klasiskais kost\u012bms, cepure un kurp\u012btes.<\/p>\n","protected":false},"featured_media":5059,"template":"","meta":[],"product_cat":[337,334],"product_tag":[435,378,385,379],"_links":{"self":[{"href":"https:\/\/kristibam.lv\/lv\/wp-json\/wp\/v2\/product\/5066"}],"collection":[{"href":"https:\/\/kristibam.lv\/lv\/wp-json\/wp\/v2\/product"}],"about":[{"href":"https:\/\/kristibam.lv\/lv\/wp-json\/wp\/v2\/types\/product"}],"wp:featuredmedia":[{"embeddable":true,"href":"https:\/\/kristibam.lv\/lv\/wp-json\/wp\/v2\/media\/5059"}],"wp:attachment":[{"href":"https:\/\/kristibam.lv\/lv\/wp-json\/wp\/v2\/media?parent=5066"}],"wp:term":[{"taxonomy":"product_cat","embeddable":true,"href":"https:\/\/kristibam.lv\/lv\/wp-json\/wp\/v2\/product_cat?post=5066"},{"taxonomy":"product_tag","embeddable":true,"href":"https:\/\/kristibam.lv\/lv\/wp-json\/wp\/v2\/product_tag?post=5066"}],"curies":[{"name":"wp","href":"https:\/\/api.w.org\/{rel}","templated":true}]}}