{"id":5046,"date":"2021-07-14T19:08:05","date_gmt":"2021-07-14T19:08:05","guid":{"rendered":"https:\/\/kristibam.lv\/lv\/?post_type=product&#038;p=5046"},"modified":"2021-07-14T19:14:04","modified_gmt":"2021-07-14T19:14:04","slug":"matu-stipa-ar-perlitem","status":"publish","type":"product","link":"https:\/\/kristibam.lv\/lv\/produkts\/matu-stipa-ar-perlitem\/","title":{"rendered":"Matu st\u012bpa ar p\u0113rl\u012bt\u0113m"},"content":{"rendered":"<p>Matu st\u012bpa ar p\u0113rl\u012bt\u0113m. Apdar\u0113 tiek izmantotas da\u017e\u0101da veida baltas p\u0113rles.<\/p>","protected":false},"excerpt":{"rendered":"<p>Papildini kleitu ar skaistu matu rotu.<br \/>\nLieliski izskat\u012bsies gan maz\u0101m, gan liel\u0101m meiten\u0113m!<\/p>\n","protected":false},"featured_media":5039,"template":"","meta":[],"product_cat":[349,335],"product_tag":[358,378,384],"_links":{"self":[{"href":"https:\/\/kristibam.lv\/lv\/wp-json\/wp\/v2\/product\/5046"}],"collection":[{"href":"https:\/\/kristibam.lv\/lv\/wp-json\/wp\/v2\/product"}],"about":[{"href":"https:\/\/kristibam.lv\/lv\/wp-json\/wp\/v2\/types\/product"}],"wp:featuredmedia":[{"embeddable":true,"href":"https:\/\/kristibam.lv\/lv\/wp-json\/wp\/v2\/media\/5039"}],"wp:attachment":[{"href":"https:\/\/kristibam.lv\/lv\/wp-json\/wp\/v2\/media?parent=5046"}],"wp:term":[{"taxonomy":"product_cat","embeddable":true,"href":"https:\/\/kristibam.lv\/lv\/wp-json\/wp\/v2\/product_cat?post=5046"},{"taxonomy":"product_tag","embeddable":true,"href":"https:\/\/kristibam.lv\/lv\/wp-json\/wp\/v2\/product_tag?post=5046"}],"curies":[{"name":"wp","href":"https:\/\/api.w.org\/{rel}","templated":true}]}}