{"id":5045,"date":"2021-07-14T19:03:21","date_gmt":"2021-07-14T19:03:21","guid":{"rendered":"https:\/\/kristibam.lv\/lv\/?post_type=product&#038;p=5045"},"modified":"2021-07-14T19:07:40","modified_gmt":"2021-07-14T19:07:40","slug":"matu-lenta-ar-perlitem","status":"publish","type":"product","link":"https:\/\/kristibam.lv\/lv\/produkts\/matu-lenta-ar-perlitem\/","title":{"rendered":"Matu lenta ar p\u0113rl\u012bt\u0113m"},"content":{"rendered":"<p>Matu lenta ar p\u0113rl\u012bt\u0113m.  Materi\u0101li un dizains tiek pieska\u0146ots t\u0113rpam.<\/p>","protected":false},"excerpt":{"rendered":"<p>Papildini kleitu ar skaistu matu rotu.<br \/>\nLieliski izskat\u012bsies gan maz\u0101m, gan liel\u0101m meiten\u0113m!<\/p>\n","protected":false},"featured_media":5036,"template":"","meta":[],"product_cat":[349,335],"product_tag":[355,378,384],"_links":{"self":[{"href":"https:\/\/kristibam.lv\/lv\/wp-json\/wp\/v2\/product\/5045"}],"collection":[{"href":"https:\/\/kristibam.lv\/lv\/wp-json\/wp\/v2\/product"}],"about":[{"href":"https:\/\/kristibam.lv\/lv\/wp-json\/wp\/v2\/types\/product"}],"wp:featuredmedia":[{"embeddable":true,"href":"https:\/\/kristibam.lv\/lv\/wp-json\/wp\/v2\/media\/5036"}],"wp:attachment":[{"href":"https:\/\/kristibam.lv\/lv\/wp-json\/wp\/v2\/media?parent=5045"}],"wp:term":[{"taxonomy":"product_cat","embeddable":true,"href":"https:\/\/kristibam.lv\/lv\/wp-json\/wp\/v2\/product_cat?post=5045"},{"taxonomy":"product_tag","embeddable":true,"href":"https:\/\/kristibam.lv\/lv\/wp-json\/wp\/v2\/product_tag?post=5045"}],"curies":[{"name":"wp","href":"https:\/\/api.w.org\/{rel}","templated":true}]}}