{"id":5044,"date":"2021-07-14T19:00:06","date_gmt":"2021-07-14T19:00:06","guid":{"rendered":"https:\/\/kristibam.lv\/lv\/?post_type=product&#038;p=5044"},"modified":"2021-07-14T19:02:32","modified_gmt":"2021-07-14T19:02:32","slug":"matu-lenta-ar-tilla-ziediem","status":"publish","type":"product","link":"https:\/\/kristibam.lv\/lv\/produkts\/matu-lenta-ar-tilla-ziediem\/","title":{"rendered":"Matu lenta ar tilla ziediem"},"content":{"rendered":"<p>Matu lenta ar ziediem. Materi\u0101li un dizains tiek pieska\u0146ots t\u0113rpam. Ziedu iesp\u0113jams izveidot no da\u017e\u0101diem materi\u0101liem.<\/p>","protected":false},"excerpt":{"rendered":"<p>Papildini kleitu ar skaistu matu rotu.<br \/>\nLieliski izskat\u012bsies gan maz\u0101m, gan liel\u0101m meiten\u0113m!<\/p>\n","protected":false},"featured_media":5035,"template":"","meta":[],"product_cat":[349,335],"product_tag":[355,378,384],"_links":{"self":[{"href":"https:\/\/kristibam.lv\/lv\/wp-json\/wp\/v2\/product\/5044"}],"collection":[{"href":"https:\/\/kristibam.lv\/lv\/wp-json\/wp\/v2\/product"}],"about":[{"href":"https:\/\/kristibam.lv\/lv\/wp-json\/wp\/v2\/types\/product"}],"wp:featuredmedia":[{"embeddable":true,"href":"https:\/\/kristibam.lv\/lv\/wp-json\/wp\/v2\/media\/5035"}],"wp:attachment":[{"href":"https:\/\/kristibam.lv\/lv\/wp-json\/wp\/v2\/media?parent=5044"}],"wp:term":[{"taxonomy":"product_cat","embeddable":true,"href":"https:\/\/kristibam.lv\/lv\/wp-json\/wp\/v2\/product_cat?post=5044"},{"taxonomy":"product_tag","embeddable":true,"href":"https:\/\/kristibam.lv\/lv\/wp-json\/wp\/v2\/product_tag?post=5044"}],"curies":[{"name":"wp","href":"https:\/\/api.w.org\/{rel}","templated":true}]}}