{"id":5043,"date":"2021-07-14T18:52:57","date_gmt":"2021-07-14T18:52:57","guid":{"rendered":"https:\/\/kristibam.lv\/lv\/?post_type=product&#038;p=5043"},"modified":"2021-07-14T18:59:34","modified_gmt":"2021-07-14T18:59:34","slug":"matu-lenta-ar-banti","status":"publish","type":"product","link":"https:\/\/kristibam.lv\/lv\/produkts\/matu-lenta-ar-banti\/","title":{"rendered":"Matu lenta ar banti"},"content":{"rendered":"<p>Matu lenta ar banti. Materi\u0101li un dizains tiek pieska\u0146ots t\u0113rpam.<\/p>","protected":false},"excerpt":{"rendered":"<p>Papildini kleitu ar skaistu matu rotu.<br \/>\nLieliski izskat\u012bsies gan maz\u0101m, gan liel\u0101m meiten\u0113m!<\/p>\n","protected":false},"featured_media":5031,"template":"","meta":[],"product_cat":[349,335],"product_tag":[358,378,384],"_links":{"self":[{"href":"https:\/\/kristibam.lv\/lv\/wp-json\/wp\/v2\/product\/5043"}],"collection":[{"href":"https:\/\/kristibam.lv\/lv\/wp-json\/wp\/v2\/product"}],"about":[{"href":"https:\/\/kristibam.lv\/lv\/wp-json\/wp\/v2\/types\/product"}],"wp:featuredmedia":[{"embeddable":true,"href":"https:\/\/kristibam.lv\/lv\/wp-json\/wp\/v2\/media\/5031"}],"wp:attachment":[{"href":"https:\/\/kristibam.lv\/lv\/wp-json\/wp\/v2\/media?parent=5043"}],"wp:term":[{"taxonomy":"product_cat","embeddable":true,"href":"https:\/\/kristibam.lv\/lv\/wp-json\/wp\/v2\/product_cat?post=5043"},{"taxonomy":"product_tag","embeddable":true,"href":"https:\/\/kristibam.lv\/lv\/wp-json\/wp\/v2\/product_tag?post=5043"}],"curies":[{"name":"wp","href":"https:\/\/api.w.org\/{rel}","templated":true}]}}