{"id":5041,"date":"2021-07-14T18:28:53","date_gmt":"2021-07-14T18:28:53","guid":{"rendered":"https:\/\/kristibam.lv\/lv\/?post_type=product&#038;p=5041"},"modified":"2021-07-14T18:42:55","modified_gmt":"2021-07-14T18:42:55","slug":"matu-lenta-ar-mezginem","status":"publish","type":"product","link":"https:\/\/kristibam.lv\/lv\/produkts\/matu-lenta-ar-mezginem\/","title":{"rendered":"Matu lenta ar me\u017e\u0123\u012bn\u0113m"},"content":{"rendered":"<p>Elast\u012bga matu lenta ar me\u017e\u0123\u012b\u0146u rot\u0101jumiem.<br \/>\nBalt\u0101 vai piena balt\u0101 ton\u012b.<\/p>","protected":false},"excerpt":{"rendered":"<p>Papildini kleitu ar skaistu matu rotu.<br \/>\nLieliski izskat\u012bsies gan maz\u0101m, gan liel\u0101m meiten\u0113m!<\/p>\n","protected":false},"featured_media":5027,"template":"","meta":[],"product_cat":[349,335],"product_tag":[355,382,378],"_links":{"self":[{"href":"https:\/\/kristibam.lv\/lv\/wp-json\/wp\/v2\/product\/5041"}],"collection":[{"href":"https:\/\/kristibam.lv\/lv\/wp-json\/wp\/v2\/product"}],"about":[{"href":"https:\/\/kristibam.lv\/lv\/wp-json\/wp\/v2\/types\/product"}],"wp:featuredmedia":[{"embeddable":true,"href":"https:\/\/kristibam.lv\/lv\/wp-json\/wp\/v2\/media\/5027"}],"wp:attachment":[{"href":"https:\/\/kristibam.lv\/lv\/wp-json\/wp\/v2\/media?parent=5041"}],"wp:term":[{"taxonomy":"product_cat","embeddable":true,"href":"https:\/\/kristibam.lv\/lv\/wp-json\/wp\/v2\/product_cat?post=5041"},{"taxonomy":"product_tag","embeddable":true,"href":"https:\/\/kristibam.lv\/lv\/wp-json\/wp\/v2\/product_tag?post=5041"}],"curies":[{"name":"wp","href":"https:\/\/api.w.org\/{rel}","templated":true}]}}