{"id":5025,"date":"2021-07-14T18:26:49","date_gmt":"2021-07-14T18:26:49","guid":{"rendered":"https:\/\/kristibam.lv\/lv\/?post_type=product&#038;p=5025"},"modified":"2021-07-14T18:28:27","modified_gmt":"2021-07-14T18:28:27","slug":"matu-lenta","status":"publish","type":"product","link":"https:\/\/kristibam.lv\/lv\/produkts\/matu-lenta\/","title":{"rendered":"Matu lenta"},"content":{"rendered":"<p>Balta matu lenta no kokvilnas me\u017e\u0123\u012bnes ar elast\u012bgu lentu un kokvilnas auduma zieds.<br \/>\n\u0160\u012b matu lenta b\u016bs lieliski piem\u0113rota pie kokvilnas vai lina auduma kleitas.<\/p>","protected":false},"excerpt":{"rendered":"<p>Papildini kleitu ar skaistu matu rotu.<br \/>\n\u0160\u012b matu lenta b\u016bs lieliski piem\u0113rota pie kokvilnas vai lina auduma kleitas.<\/p>\n","protected":false},"featured_media":5026,"template":"","meta":[],"product_cat":[349,335],"product_tag":[355,378,380],"_links":{"self":[{"href":"https:\/\/kristibam.lv\/lv\/wp-json\/wp\/v2\/product\/5025"}],"collection":[{"href":"https:\/\/kristibam.lv\/lv\/wp-json\/wp\/v2\/product"}],"about":[{"href":"https:\/\/kristibam.lv\/lv\/wp-json\/wp\/v2\/types\/product"}],"wp:featuredmedia":[{"embeddable":true,"href":"https:\/\/kristibam.lv\/lv\/wp-json\/wp\/v2\/media\/5026"}],"wp:attachment":[{"href":"https:\/\/kristibam.lv\/lv\/wp-json\/wp\/v2\/media?parent=5025"}],"wp:term":[{"taxonomy":"product_cat","embeddable":true,"href":"https:\/\/kristibam.lv\/lv\/wp-json\/wp\/v2\/product_cat?post=5025"},{"taxonomy":"product_tag","embeddable":true,"href":"https:\/\/kristibam.lv\/lv\/wp-json\/wp\/v2\/product_tag?post=5025"}],"curies":[{"name":"wp","href":"https:\/\/api.w.org\/{rel}","templated":true}]}}