{"id":5024,"date":"2021-07-13T19:38:42","date_gmt":"2021-07-13T19:38:42","guid":{"rendered":"https:\/\/kristibam.lv\/lv\/?post_type=product&#038;p=5024"},"modified":"2021-07-13T19:42:01","modified_gmt":"2021-07-13T19:42:01","slug":"maisins-ar-krustinu","status":"publish","type":"product","link":"https:\/\/kristibam.lv\/lv\/produkts\/maisins-ar-krustinu\/","title":{"rendered":"Maisi\u0146\u0161 ar krusti\u0146u"},"content":{"rendered":"<p>Dekorat\u012bvs krist\u012bbu maisi\u0146\u0161.<\/p>\n<ul>\n<li>izm\u0113rs 15*8 cm (izm\u0113ru var main\u012bt)<\/li>\n<li>iz\u0161uvums (kr\u0101su var main\u012bt)<\/li>\n<li>lenta- maisi\u0146a aizsie\u0161anai<\/li>\n<li>stri\u0137is pie maisi\u0146a mal\u0101m.<\/li>\n<\/ul>\n<p>Izgatavo\u0161anas laiks 5-10 dienas<\/p>\n<p>Paredz\u0113ts k\u0101 aksesu\u0101rs kur\u0101 ielikt krusti\u0146u vai citas krist\u012bbu lietas. (maisi\u0146\u0101 var ielikt: maizi, s\u0101li un naudu- p\u0113c senajiem latvie\u0161u tic\u0113jumiem)<\/p>\n<p>Lieliska d\u0101vana b\u0113rnam vai vi\u0146a krustvec\u0101kiem svin\u012bgaj\u0101 dien\u0101!<\/p>","protected":false},"excerpt":{"rendered":"<p>Dekorat\u012bvs krist\u012bbu maisi\u0146\u0161.<\/p>\n<p>Lieliska d\u0101vana b\u0113rnam vai vi\u0146a krustvec\u0101kiem svin\u012bgaj\u0101 dien\u0101!<\/p>\n","protected":false},"featured_media":4674,"template":"","meta":[],"product_cat":[336,353],"product_tag":[383,385,384],"_links":{"self":[{"href":"https:\/\/kristibam.lv\/lv\/wp-json\/wp\/v2\/product\/5024"}],"collection":[{"href":"https:\/\/kristibam.lv\/lv\/wp-json\/wp\/v2\/product"}],"about":[{"href":"https:\/\/kristibam.lv\/lv\/wp-json\/wp\/v2\/types\/product"}],"wp:featuredmedia":[{"embeddable":true,"href":"https:\/\/kristibam.lv\/lv\/wp-json\/wp\/v2\/media\/4674"}],"wp:attachment":[{"href":"https:\/\/kristibam.lv\/lv\/wp-json\/wp\/v2\/media?parent=5024"}],"wp:term":[{"taxonomy":"product_cat","embeddable":true,"href":"https:\/\/kristibam.lv\/lv\/wp-json\/wp\/v2\/product_cat?post=5024"},{"taxonomy":"product_tag","embeddable":true,"href":"https:\/\/kristibam.lv\/lv\/wp-json\/wp\/v2\/product_tag?post=5024"}],"curies":[{"name":"wp","href":"https:\/\/api.w.org\/{rel}","templated":true}]}}