{"id":5010,"date":"2021-07-08T19:39:30","date_gmt":"2021-07-08T19:39:30","guid":{"rendered":"https:\/\/kristibam.lv\/lv\/?post_type=product&#038;p=5010"},"modified":"2022-07-03T19:16:11","modified_gmt":"2022-07-03T19:16:11","slug":"spilventins-davana-krustvecakiem","status":"publish","type":"product","link":"https:\/\/kristibam.lv\/lv\/produkts\/spilventins-davana-krustvecakiem\/","title":{"rendered":"Spilventi\u0146\u0161- d\u0101vana krustvec\u0101kiem"},"content":{"rendered":"<p>Personaliz\u0113ts, dekorat\u012bvs spilventi\u0146\u0161 krist\u012bb\u0101m. D\u0101vana krustvec\u0101kiem<\/p>\n<p>Izm\u0113rs 15*15 cm<\/p>\n<p>Paredz\u0113ts k\u0101 aksesu\u0101rs uz kura uzlikt krusti\u0146u vai karot\u012bti.<\/p>\n<p>Spilventi\u0146\u0161 b\u016bs m\u012b\u013ca d\u0101vani\u0146a b\u0113rnam vai vi\u0146a krustvec\u0101kiem svin\u012bgaj\u0101 dien\u0101.<\/p>\n<p>Lieliska d\u0101vana!<\/p>","protected":false},"excerpt":{"rendered":"<p>Spilventi\u0146\u0161 b\u016bs m\u012b\u013ca d\u0101vana krustvec\u0101kiem svin\u012bgaj\u0101 dien\u0101.<\/p>\n","protected":false},"featured_media":5392,"template":"","meta":[],"product_cat":[336,351],"product_tag":[430,383,385],"_links":{"self":[{"href":"https:\/\/kristibam.lv\/lv\/wp-json\/wp\/v2\/product\/5010"}],"collection":[{"href":"https:\/\/kristibam.lv\/lv\/wp-json\/wp\/v2\/product"}],"about":[{"href":"https:\/\/kristibam.lv\/lv\/wp-json\/wp\/v2\/types\/product"}],"wp:featuredmedia":[{"embeddable":true,"href":"https:\/\/kristibam.lv\/lv\/wp-json\/wp\/v2\/media\/5392"}],"wp:attachment":[{"href":"https:\/\/kristibam.lv\/lv\/wp-json\/wp\/v2\/media?parent=5010"}],"wp:term":[{"taxonomy":"product_cat","embeddable":true,"href":"https:\/\/kristibam.lv\/lv\/wp-json\/wp\/v2\/product_cat?post=5010"},{"taxonomy":"product_tag","embeddable":true,"href":"https:\/\/kristibam.lv\/lv\/wp-json\/wp\/v2\/product_tag?post=5010"}],"curies":[{"name":"wp","href":"https:\/\/api.w.org\/{rel}","templated":true}]}}