{"id":5009,"date":"2021-07-08T19:32:53","date_gmt":"2021-07-08T19:32:53","guid":{"rendered":"https:\/\/kristibam.lv\/lv\/?post_type=product&#038;p=5009"},"modified":"2022-07-03T19:16:55","modified_gmt":"2022-07-03T19:16:55","slug":"spilventins","status":"publish","type":"product","link":"https:\/\/kristibam.lv\/lv\/produkts\/spilventins-ar-engeli\/","title":{"rendered":"Spilventi\u0146\u0161 ar en\u0123eli"},"content":{"rendered":"<p>Iz\u0161uvums no ab\u0101m pus\u0113m.<\/p>\n<p>Personaliz\u0113ts, dekorat\u012bvs spilventi\u0146\u0161 krist\u012bb\u0101m.<\/p>\n<ul>\n<li>Izm\u0113rs 15*15cm<\/li>\n<\/ul>\n<p>Paredz\u0113ts k\u0101 aksesu\u0101rs uz kura uzlikt krusti\u0146u vai karot\u012bti.<\/p>\n<p>Spilventi\u0146\u0161 b\u016bs m\u012b\u013ca d\u0101vani\u0146a b\u0113rnam vai vi\u0146a krustvec\u0101kiem svin\u012bgaj\u0101 dien\u0101.<\/p>\n<p>Lieliska d\u0101vana!<\/p>","protected":false},"excerpt":{"rendered":"<p>Spilventi\u0146\u0161 b\u016bs m\u012b\u013ca d\u0101vani\u0146a b\u0113rnam vai vi\u0146a krustvec\u0101kiem svin\u012bgaj\u0101 dien\u0101.<\/p>\n","protected":false},"featured_media":5003,"template":"","meta":[],"product_cat":[336,351],"product_tag":[383,385,384],"_links":{"self":[{"href":"https:\/\/kristibam.lv\/lv\/wp-json\/wp\/v2\/product\/5009"}],"collection":[{"href":"https:\/\/kristibam.lv\/lv\/wp-json\/wp\/v2\/product"}],"about":[{"href":"https:\/\/kristibam.lv\/lv\/wp-json\/wp\/v2\/types\/product"}],"wp:featuredmedia":[{"embeddable":true,"href":"https:\/\/kristibam.lv\/lv\/wp-json\/wp\/v2\/media\/5003"}],"wp:attachment":[{"href":"https:\/\/kristibam.lv\/lv\/wp-json\/wp\/v2\/media?parent=5009"}],"wp:term":[{"taxonomy":"product_cat","embeddable":true,"href":"https:\/\/kristibam.lv\/lv\/wp-json\/wp\/v2\/product_cat?post=5009"},{"taxonomy":"product_tag","embeddable":true,"href":"https:\/\/kristibam.lv\/lv\/wp-json\/wp\/v2\/product_tag?post=5009"}],"curies":[{"name":"wp","href":"https:\/\/api.w.org\/{rel}","templated":true}]}}