{"id":4999,"date":"2021-07-07T18:52:07","date_gmt":"2021-07-07T18:52:07","guid":{"rendered":"https:\/\/kristibam.lv\/lv\/?post_type=product&#038;p=4999"},"modified":"2023-10-29T21:41:21","modified_gmt":"2023-10-29T19:41:21","slug":"balts-dvielis-kristibam-ar-engeliem","status":"publish","type":"product","link":"https:\/\/kristibam.lv\/lv\/produkts\/balts-dvielis-kristibam-ar-engeliem\/","title":{"rendered":"Balts dvielis krist\u012bb\u0101m ar en\u0123e\u013ciem"},"content":{"rendered":"<p>Balts dvielis krist\u012bb\u0101m ar en\u0123e\u013ciem.<\/p>\n<p>Izgatavo\u0161anas laiks 1-2 dienas<\/p>\n<p>Iz\u0161uvuma kr\u0101su un dizainu iesp\u0113jams main\u012bt.<\/p>\n<p>Materi\u0101ls: 100%<\/p>\n<p>Specifik\u0101cija: Vides un vesel\u012bbas sertifik\u0101cija: STANDARD 100 no OEKO-TEX\u00ae<\/p>\n<p>Auduma bl\u012bvums: 400 g\/m\u00b2<\/p>\n<p>Mazg\u0101\u0161ana: 60\u00b0C<\/p>","protected":false},"excerpt":{"rendered":"<p>Balts dvielis krist\u012bb\u0101m ar en\u0123e\u013ciem. Izgatavo\u0161anas laiks 1-2 dienas<\/p>\n","protected":false},"featured_media":4991,"template":"","meta":[],"product_cat":[336,350],"product_tag":[358,378,381],"_links":{"self":[{"href":"https:\/\/kristibam.lv\/lv\/wp-json\/wp\/v2\/product\/4999"}],"collection":[{"href":"https:\/\/kristibam.lv\/lv\/wp-json\/wp\/v2\/product"}],"about":[{"href":"https:\/\/kristibam.lv\/lv\/wp-json\/wp\/v2\/types\/product"}],"wp:featuredmedia":[{"embeddable":true,"href":"https:\/\/kristibam.lv\/lv\/wp-json\/wp\/v2\/media\/4991"}],"wp:attachment":[{"href":"https:\/\/kristibam.lv\/lv\/wp-json\/wp\/v2\/media?parent=4999"}],"wp:term":[{"taxonomy":"product_cat","embeddable":true,"href":"https:\/\/kristibam.lv\/lv\/wp-json\/wp\/v2\/product_cat?post=4999"},{"taxonomy":"product_tag","embeddable":true,"href":"https:\/\/kristibam.lv\/lv\/wp-json\/wp\/v2\/product_tag?post=4999"}],"curies":[{"name":"wp","href":"https:\/\/api.w.org\/{rel}","templated":true}]}}