{"id":4998,"date":"2021-07-07T18:51:38","date_gmt":"2021-07-07T18:51:38","guid":{"rendered":"https:\/\/kristibam.lv\/lv\/?post_type=product&#038;p=4998"},"modified":"2023-10-29T21:10:54","modified_gmt":"2023-10-29T19:10:54","slug":"davana-krustvecakiem-kristibas","status":"publish","type":"product","link":"https:\/\/kristibam.lv\/lv\/produkts\/davana-krustvecakiem-kristibas\/","title":{"rendered":"D\u0101vana krustvec\u0101kiem- krist\u012bb\u0101s"},"content":{"rendered":"<p>Dvie\u013cu komplekts. D\u0101vana krustm\u0101tei un krustt\u0113vam.<\/p>\n<p>Komplekt\u0101 divi dvie\u013ci 30&#215;50 cm<\/p>\n<p>Izgatavo\u0161anas laiks 1-2 dienas<\/p>\n<p>Iz\u0161uvuma kr\u0101su un dizainu iesp\u0113jams main\u012bt.<\/p>\n<p>Materi\u0101ls: 100% <\/p>\n<p>Specifik\u0101cija: Vides un vesel\u012bbas sertifik\u0101cija: STANDARD 100 no OEKO-TEX\u00ae Auduma bl\u012bvums: 400 g\/m\u00b2<\/p>\n<p>Mazg\u0101\u0161ana: 60\u00b0C<\/p>","protected":false},"excerpt":{"rendered":"<p>Dvie\u013cu komplekts. D\u0101vana krustm\u0101tei un krustt\u0113vam. Izgatavo\u0161anas laiks 1-2 dienas<\/p>\n","protected":false},"featured_media":5595,"template":"","meta":[],"product_cat":[336,350],"product_tag":[358,383,384],"_links":{"self":[{"href":"https:\/\/kristibam.lv\/lv\/wp-json\/wp\/v2\/product\/4998"}],"collection":[{"href":"https:\/\/kristibam.lv\/lv\/wp-json\/wp\/v2\/product"}],"about":[{"href":"https:\/\/kristibam.lv\/lv\/wp-json\/wp\/v2\/types\/product"}],"wp:featuredmedia":[{"embeddable":true,"href":"https:\/\/kristibam.lv\/lv\/wp-json\/wp\/v2\/media\/5595"}],"wp:attachment":[{"href":"https:\/\/kristibam.lv\/lv\/wp-json\/wp\/v2\/media?parent=4998"}],"wp:term":[{"taxonomy":"product_cat","embeddable":true,"href":"https:\/\/kristibam.lv\/lv\/wp-json\/wp\/v2\/product_cat?post=4998"},{"taxonomy":"product_tag","embeddable":true,"href":"https:\/\/kristibam.lv\/lv\/wp-json\/wp\/v2\/product_tag?post=4998"}],"curies":[{"name":"wp","href":"https:\/\/api.w.org\/{rel}","templated":true}]}}