{"id":4997,"date":"2021-07-07T18:31:37","date_gmt":"2021-07-07T18:31:37","guid":{"rendered":"https:\/\/kristibam.lv\/lv\/?post_type=product&#038;p=4997"},"modified":"2022-07-02T19:08:23","modified_gmt":"2022-07-02T19:08:23","slug":"dvielitis-ar-inicialiem","status":"publish","type":"product","link":"https:\/\/kristibam.lv\/lv\/produkts\/dvielitis-ar-inicialiem\/","title":{"rendered":"Dviel\u012btis ar inici\u0101\u013ciem"},"content":{"rendered":"<p>Kokvilnas auduma dviel\u012btis ar iz\u0161\u016btiem inici\u0101\u013ciem.<\/p>\n<p>izm\u0113rs: 50 * 70cm<\/p>\n<p>iz\u0161uvuma kr\u0101su ir iesp\u0113jams main\u012bt<br \/>\nizgatavo\u0161anas laiks 1-3 dienas<br \/>\n<\/p>","protected":false},"excerpt":{"rendered":"<p>Skaista d\u0101vana krist\u012bbu dien\u0101. Dviel\u012btis ar personaliz\u0113tu iz\u0161uvumu.<\/p>\n","protected":false},"featured_media":4995,"template":"","meta":[],"product_cat":[336,350],"product_tag":[359,382,386],"_links":{"self":[{"href":"https:\/\/kristibam.lv\/lv\/wp-json\/wp\/v2\/product\/4997"}],"collection":[{"href":"https:\/\/kristibam.lv\/lv\/wp-json\/wp\/v2\/product"}],"about":[{"href":"https:\/\/kristibam.lv\/lv\/wp-json\/wp\/v2\/types\/product"}],"wp:featuredmedia":[{"embeddable":true,"href":"https:\/\/kristibam.lv\/lv\/wp-json\/wp\/v2\/media\/4995"}],"wp:attachment":[{"href":"https:\/\/kristibam.lv\/lv\/wp-json\/wp\/v2\/media?parent=4997"}],"wp:term":[{"taxonomy":"product_cat","embeddable":true,"href":"https:\/\/kristibam.lv\/lv\/wp-json\/wp\/v2\/product_cat?post=4997"},{"taxonomy":"product_tag","embeddable":true,"href":"https:\/\/kristibam.lv\/lv\/wp-json\/wp\/v2\/product_tag?post=4997"}],"curies":[{"name":"wp","href":"https:\/\/api.w.org\/{rel}","templated":true}]}}