{"id":4967,"date":"2021-05-19T20:38:16","date_gmt":"2021-05-19T20:38:16","guid":{"rendered":"https:\/\/kristibam.lv\/lv\/?post_type=product&#038;p=4967"},"modified":"2022-02-27T17:42:46","modified_gmt":"2022-02-27T17:42:46","slug":"kurpites","status":"publish","type":"product","link":"https:\/\/kristibam.lv\/lv\/produkts\/kurpites\/","title":{"rendered":"Kurp\u012btes"},"content":{"rendered":"<p>Dekorat\u012bvas auduma kurp\u012btes, kas papildin\u0101s sv\u0113tku t\u0113rpu.<br \/>\nKurp\u012btes materi\u0101li tiks pieska\u0146oti t\u0113rpam.<br \/>\n<\/p>","protected":false},"excerpt":{"rendered":"<p>Dekorat\u012bvas auduma kurp\u012btes, kas papildin\u0101s sv\u0113tku t\u0113rpu.<br \/>\nKurp\u012btes materi\u0101li tiek pieska\u0146oti t\u0113rpam.<\/p>\n","protected":false},"featured_media":4949,"template":"","meta":[],"product_cat":[341,334],"product_tag":[378,379,384],"_links":{"self":[{"href":"https:\/\/kristibam.lv\/lv\/wp-json\/wp\/v2\/product\/4967"}],"collection":[{"href":"https:\/\/kristibam.lv\/lv\/wp-json\/wp\/v2\/product"}],"about":[{"href":"https:\/\/kristibam.lv\/lv\/wp-json\/wp\/v2\/types\/product"}],"wp:featuredmedia":[{"embeddable":true,"href":"https:\/\/kristibam.lv\/lv\/wp-json\/wp\/v2\/media\/4949"}],"wp:attachment":[{"href":"https:\/\/kristibam.lv\/lv\/wp-json\/wp\/v2\/media?parent=4967"}],"wp:term":[{"taxonomy":"product_cat","embeddable":true,"href":"https:\/\/kristibam.lv\/lv\/wp-json\/wp\/v2\/product_cat?post=4967"},{"taxonomy":"product_tag","embeddable":true,"href":"https:\/\/kristibam.lv\/lv\/wp-json\/wp\/v2\/product_tag?post=4967"}],"curies":[{"name":"wp","href":"https:\/\/api.w.org\/{rel}","templated":true}]}}