{"id":4966,"date":"2021-05-19T20:35:51","date_gmt":"2021-05-19T20:35:51","guid":{"rendered":"https:\/\/kristibam.lv\/lv\/?post_type=product&#038;p=4966"},"modified":"2021-05-19T20:37:54","modified_gmt":"2021-05-19T20:37:54","slug":"auduma-kurpites-ar-krustinu","status":"publish","type":"product","link":"https:\/\/kristibam.lv\/lv\/produkts\/auduma-kurpites-ar-krustinu\/","title":{"rendered":"Auduma kurp\u012btes ar krusti\u0146u"},"content":{"rendered":"<p>Dekorat\u012bvas auduma kurp\u012btes, kas papildin\u0101s sv\u0113tku t\u0113rpu.<br \/>\nKurp\u012btes materi\u0101li tiks pieska\u0146oti t\u0113rpam.<br \/>\n<\/p>","protected":false},"excerpt":{"rendered":"<p>Dekorat\u012bvas auduma kurp\u012btes, kas papildin\u0101s sv\u0113tku t\u0113rpu.<br \/>\nKurp\u012btes materi\u0101li tiek pieska\u0146oti t\u0113rpam.<\/p>\n","protected":false},"featured_media":4947,"template":"","meta":[],"product_cat":[341,347,335,334],"product_tag":[378,379,384],"_links":{"self":[{"href":"https:\/\/kristibam.lv\/lv\/wp-json\/wp\/v2\/product\/4966"}],"collection":[{"href":"https:\/\/kristibam.lv\/lv\/wp-json\/wp\/v2\/product"}],"about":[{"href":"https:\/\/kristibam.lv\/lv\/wp-json\/wp\/v2\/types\/product"}],"wp:featuredmedia":[{"embeddable":true,"href":"https:\/\/kristibam.lv\/lv\/wp-json\/wp\/v2\/media\/4947"}],"wp:attachment":[{"href":"https:\/\/kristibam.lv\/lv\/wp-json\/wp\/v2\/media?parent=4966"}],"wp:term":[{"taxonomy":"product_cat","embeddable":true,"href":"https:\/\/kristibam.lv\/lv\/wp-json\/wp\/v2\/product_cat?post=4966"},{"taxonomy":"product_tag","embeddable":true,"href":"https:\/\/kristibam.lv\/lv\/wp-json\/wp\/v2\/product_tag?post=4966"}],"curies":[{"name":"wp","href":"https:\/\/api.w.org\/{rel}","templated":true}]}}