{"id":4964,"date":"2021-05-19T20:31:24","date_gmt":"2021-05-19T20:31:24","guid":{"rendered":"https:\/\/kristibam.lv\/lv\/?post_type=product&#038;p=4964"},"modified":"2021-05-19T20:35:33","modified_gmt":"2021-05-19T20:35:33","slug":"auduma-kurpites","status":"publish","type":"product","link":"https:\/\/kristibam.lv\/lv\/produkts\/auduma-kurpites\/","title":{"rendered":"Auduma kurp\u012btes"},"content":{"rendered":"<p>Dekorat\u012bvas auduma kurp\u012btes, kas papildin\u0101s sv\u0113tku t\u0113rpu.<br \/>\nKurp\u012btes materi\u0101li tiks pieska\u0146oti t\u0113rpam.<br \/>\n<\/p>","protected":false},"excerpt":{"rendered":"<p>Dekorat\u012bvas auduma kurp\u012btes, kas papildin\u0101s sv\u0113tku t\u0113rpu.<br \/>\nKurp\u012btes materi\u0101li tiek pieska\u0146oti t\u0113rpam.<\/p>\n","protected":false},"featured_media":4945,"template":"","meta":[],"product_cat":[347,341,335,334],"product_tag":[378,379,384],"_links":{"self":[{"href":"https:\/\/kristibam.lv\/lv\/wp-json\/wp\/v2\/product\/4964"}],"collection":[{"href":"https:\/\/kristibam.lv\/lv\/wp-json\/wp\/v2\/product"}],"about":[{"href":"https:\/\/kristibam.lv\/lv\/wp-json\/wp\/v2\/types\/product"}],"wp:featuredmedia":[{"embeddable":true,"href":"https:\/\/kristibam.lv\/lv\/wp-json\/wp\/v2\/media\/4945"}],"wp:attachment":[{"href":"https:\/\/kristibam.lv\/lv\/wp-json\/wp\/v2\/media?parent=4964"}],"wp:term":[{"taxonomy":"product_cat","embeddable":true,"href":"https:\/\/kristibam.lv\/lv\/wp-json\/wp\/v2\/product_cat?post=4964"},{"taxonomy":"product_tag","embeddable":true,"href":"https:\/\/kristibam.lv\/lv\/wp-json\/wp\/v2\/product_tag?post=4964"}],"curies":[{"name":"wp","href":"https:\/\/api.w.org\/{rel}","templated":true}]}}