{"id":4963,"date":"2021-05-19T20:21:44","date_gmt":"2021-05-19T20:21:44","guid":{"rendered":"https:\/\/kristibam.lv\/lv\/?post_type=product&#038;p=4963"},"modified":"2021-05-19T20:28:08","modified_gmt":"2021-05-19T20:28:08","slug":"dekorativas-kurpites-ar-mezgini","status":"publish","type":"product","link":"https:\/\/kristibam.lv\/lv\/produkts\/dekorativas-kurpites-ar-mezgini\/","title":{"rendered":"Dekorat\u012bvas kurp\u012btes ar me\u017e\u0123\u012bni"},"content":{"rendered":"<p>Dekorat\u012bvas auduma kurp\u012btes, kas papildin\u0101s sv\u0113tku t\u0113rpu.<br \/>\nKurp\u012btes materi\u0101li tiks pieska\u0146oti t\u0113rpam.<br \/>\n<\/p>","protected":false},"excerpt":{"rendered":"<p>Dekorat\u012bvas auduma kurp\u012btes, kas papildin\u0101s sv\u0113tku t\u0113rpu.<br \/>\nKurp\u012btes materi\u0101li tiek pieska\u0146oti t\u0113rpam.<\/p>\n","protected":false},"featured_media":4951,"template":"","meta":[],"product_cat":[347,335],"product_tag":[378,379,384],"_links":{"self":[{"href":"https:\/\/kristibam.lv\/lv\/wp-json\/wp\/v2\/product\/4963"}],"collection":[{"href":"https:\/\/kristibam.lv\/lv\/wp-json\/wp\/v2\/product"}],"about":[{"href":"https:\/\/kristibam.lv\/lv\/wp-json\/wp\/v2\/types\/product"}],"wp:featuredmedia":[{"embeddable":true,"href":"https:\/\/kristibam.lv\/lv\/wp-json\/wp\/v2\/media\/4951"}],"wp:attachment":[{"href":"https:\/\/kristibam.lv\/lv\/wp-json\/wp\/v2\/media?parent=4963"}],"wp:term":[{"taxonomy":"product_cat","embeddable":true,"href":"https:\/\/kristibam.lv\/lv\/wp-json\/wp\/v2\/product_cat?post=4963"},{"taxonomy":"product_tag","embeddable":true,"href":"https:\/\/kristibam.lv\/lv\/wp-json\/wp\/v2\/product_tag?post=4963"}],"curies":[{"name":"wp","href":"https:\/\/api.w.org\/{rel}","templated":true}]}}