{"id":4941,"date":"2021-05-19T19:55:32","date_gmt":"2021-05-19T19:55:32","guid":{"rendered":"https:\/\/kristibam.lv\/lv\/?post_type=product&#038;p=4941"},"modified":"2022-02-17T06:16:20","modified_gmt":"2022-02-17T06:16:20","slug":"piena-balta-mezginu-kleita","status":"publish","type":"product","link":"https:\/\/kristibam.lv\/lv\/produkts\/piena-balta-mezginu-kleita\/","title":{"rendered":"Piena balta me\u017e\u0123\u012b\u0146u kleita"},"content":{"rendered":"<p>Piena balta me\u017e\u0123\u012b\u0146u kleita un cepur\u012bte. Kleitas garums  70 cm<\/p>\n<p>Izmantotie materi\u0101li:<\/p>\n<p>-Atlass 100% Poliesters<br \/>\n-100% Kokvilna (odere kr\u016b\u0161u da\u013c\u0101)<br \/>\n-Me\u017e\u0123\u012bne<br \/>\n-Gar\u0161 r\u0101v\u0113jsl\u0113dzis mugurda\u013c\u0101<\/p>\n<p>Izgatavo\u0161anas laiks 5-10 dienas<br \/>\n! Pas\u016bti savu izm\u0113ru !<br \/>\n<\/p>","protected":false},"excerpt":{"rendered":"<p>!Pas\u016bti sev vajadz\u012bgo izm\u0113ru! Ap\u0123\u0113rbs tiks izgatavots individu\u0101li p\u0113c J\u016bsu b\u0113rna izm\u0113riem. Piena balta me\u017e\u0123\u012b\u0146u kleita un cepur\u012bte.<\/p>\n","protected":false},"featured_media":4942,"template":"","meta":[],"product_cat":[343,335],"product_tag":[382,356,386,378],"_links":{"self":[{"href":"https:\/\/kristibam.lv\/lv\/wp-json\/wp\/v2\/product\/4941"}],"collection":[{"href":"https:\/\/kristibam.lv\/lv\/wp-json\/wp\/v2\/product"}],"about":[{"href":"https:\/\/kristibam.lv\/lv\/wp-json\/wp\/v2\/types\/product"}],"wp:featuredmedia":[{"embeddable":true,"href":"https:\/\/kristibam.lv\/lv\/wp-json\/wp\/v2\/media\/4942"}],"wp:attachment":[{"href":"https:\/\/kristibam.lv\/lv\/wp-json\/wp\/v2\/media?parent=4941"}],"wp:term":[{"taxonomy":"product_cat","embeddable":true,"href":"https:\/\/kristibam.lv\/lv\/wp-json\/wp\/v2\/product_cat?post=4941"},{"taxonomy":"product_tag","embeddable":true,"href":"https:\/\/kristibam.lv\/lv\/wp-json\/wp\/v2\/product_tag?post=4941"}],"curies":[{"name":"wp","href":"https:\/\/api.w.org\/{rel}","templated":true}]}}