{"id":4932,"date":"2021-05-19T19:36:35","date_gmt":"2021-05-19T19:36:35","guid":{"rendered":"https:\/\/kristibam.lv\/lv\/?post_type=product&#038;p=4932"},"modified":"2022-02-17T18:49:50","modified_gmt":"2022-02-17T18:49:50","slug":"kleita-kristibam-ar-krusta-zimi","status":"publish","type":"product","link":"https:\/\/kristibam.lv\/lv\/produkts\/kleita-kristibam-ar-krusta-zimi\/","title":{"rendered":"Kleita krist\u012bb\u0101m ar krusta z\u012bmi"},"content":{"rendered":"<p>Kleita krist\u012bb\u0101m ar krusta z\u012bmi un cepure<\/p>\n<p>Izmantotie materi\u0101li:<\/p>\n<p>-Atlass 100% Poliesters<br \/>\n-100% Kokvilna (odere kr\u016b\u0161u da\u013c\u0101)<br \/>\n-Tilla audums<br \/>\n-Me\u017e\u0123\u012bnes<br \/>\n-Gar\u0161 r\u0101v\u0113jsl\u0113dzis mugurda\u013c\u0101<\/p>\n<p>Kleitas garums  55 cm<br \/>\nIzgatavo\u0161anas laiks 5-10 dienas<\/p>\n<p>! Pas\u016bti savu izm\u0113ru !<br \/>\n<\/p>","protected":false},"excerpt":{"rendered":"<p>! Pas\u016bti sev vajadz\u012bgo izm\u0113ru! Ap\u0123\u0113rbs tiks izgatavots individu\u0101li p\u0113c J\u016bsu b\u0113rna izm\u0113riem. Kleita krist\u012bb\u0101m ar krusta z\u012bmi un cepure<\/p>\n","protected":false},"featured_media":4933,"template":"","meta":[],"product_cat":[343,335],"product_tag":[382,356,378],"_links":{"self":[{"href":"https:\/\/kristibam.lv\/lv\/wp-json\/wp\/v2\/product\/4932"}],"collection":[{"href":"https:\/\/kristibam.lv\/lv\/wp-json\/wp\/v2\/product"}],"about":[{"href":"https:\/\/kristibam.lv\/lv\/wp-json\/wp\/v2\/types\/product"}],"wp:featuredmedia":[{"embeddable":true,"href":"https:\/\/kristibam.lv\/lv\/wp-json\/wp\/v2\/media\/4933"}],"wp:attachment":[{"href":"https:\/\/kristibam.lv\/lv\/wp-json\/wp\/v2\/media?parent=4932"}],"wp:term":[{"taxonomy":"product_cat","embeddable":true,"href":"https:\/\/kristibam.lv\/lv\/wp-json\/wp\/v2\/product_cat?post=4932"},{"taxonomy":"product_tag","embeddable":true,"href":"https:\/\/kristibam.lv\/lv\/wp-json\/wp\/v2\/product_tag?post=4932"}],"curies":[{"name":"wp","href":"https:\/\/api.w.org\/{rel}","templated":true}]}}