{"id":4931,"date":"2021-05-19T18:55:16","date_gmt":"2021-05-19T18:55:16","guid":{"rendered":"https:\/\/kristibam.lv\/lv\/?post_type=product&#038;p=4931"},"modified":"2022-02-17T18:50:46","modified_gmt":"2022-02-17T18:50:46","slug":"zida-kleita","status":"publish","type":"product","link":"https:\/\/kristibam.lv\/lv\/produkts\/zida-kleita\/","title":{"rendered":"Z\u012bda kleita"},"content":{"rendered":"<p>Z\u012bda kleita ar me\u017e\u012bn\u0113m un matu lenta.<\/p>\n<p>Izmantotie materi\u0101li:<\/p>\n<p>-100% dab\u012bgs z\u012bds<br \/>\n-Me\u017e\u0123\u012bnes lentas<br \/>\n-Gar\u0161 r\u0101v\u0113jsl\u0113dzis mugurda\u013c\u0101<\/p>\n<p>Kleitas garums  60 cm<br \/>\nIzgatavo\u0161anas laiks 5-10 dienas<\/p>\n<p>! Pas\u016bti savu izm\u0113ru !<br \/>\n<\/p>","protected":false},"excerpt":{"rendered":"<p>! Pas\u016bti sev vajadz\u012bgo izm\u0113ru! Ap\u0123\u0113rbs tiks izgatavots individu\u0101li p\u0113c J\u016bsu b\u0113rna izm\u0113riem. Z\u012bda kleita ar me\u017e\u012bn\u0113m un matu lenta.<\/p>\n","protected":false},"featured_media":4589,"template":"","meta":[],"product_cat":[343,335],"product_tag":[356,378,380],"_links":{"self":[{"href":"https:\/\/kristibam.lv\/lv\/wp-json\/wp\/v2\/product\/4931"}],"collection":[{"href":"https:\/\/kristibam.lv\/lv\/wp-json\/wp\/v2\/product"}],"about":[{"href":"https:\/\/kristibam.lv\/lv\/wp-json\/wp\/v2\/types\/product"}],"wp:featuredmedia":[{"embeddable":true,"href":"https:\/\/kristibam.lv\/lv\/wp-json\/wp\/v2\/media\/4589"}],"wp:attachment":[{"href":"https:\/\/kristibam.lv\/lv\/wp-json\/wp\/v2\/media?parent=4931"}],"wp:term":[{"taxonomy":"product_cat","embeddable":true,"href":"https:\/\/kristibam.lv\/lv\/wp-json\/wp\/v2\/product_cat?post=4931"},{"taxonomy":"product_tag","embeddable":true,"href":"https:\/\/kristibam.lv\/lv\/wp-json\/wp\/v2\/product_tag?post=4931"}],"curies":[{"name":"wp","href":"https:\/\/api.w.org\/{rel}","templated":true}]}}