{"id":4930,"date":"2021-05-19T17:27:45","date_gmt":"2021-05-19T17:27:45","guid":{"rendered":"https:\/\/kristibam.lv\/lv\/?post_type=product&#038;p=4930"},"modified":"2022-02-17T18:52:07","modified_gmt":"2022-02-17T18:52:07","slug":"balta-kokvilnas-kleita-ar-mezginem","status":"publish","type":"product","link":"https:\/\/kristibam.lv\/lv\/produkts\/balta-kokvilnas-kleita-ar-mezginem\/","title":{"rendered":"Balta kokvilnas kleita ar me\u017e\u0123\u012bn\u0113m"},"content":{"rendered":"<p>Balta kokvilnas kleita ar me\u017e\u0123\u012bn\u0113m. Cena nor\u0101d\u012bta tikai par kleitu.<\/p>\n<p>Izmantotie materi\u0101li:<br \/>\n100% kokvilna<br \/>\nTilla audums<br \/>\nMe\u017e\u0123\u012bnes<br \/>\nGar\u0161 r\u0101v\u0113jsl\u0113dzis mugurda\u013c\u0101<\/p>\n<p>Kleitas garums  60 cm<br \/>\nIzgatavo\u0161anas laiks 5-10 dienas<br \/>\n! Pas\u016bti savu izm\u0113ru !<\/p>\n<p><\/p>","protected":false},"excerpt":{"rendered":"<p>!Pas\u016bti sev vajadz\u012bgo izm\u0113ru! Ap\u0123\u0113rbs tiks izgatavots individu\u0101li p\u0113c J\u016bsu b\u0113rna izm\u0113riem. Balta kokvilnas kleita ar me\u017e\u0123\u012bn\u0113m. Cena nor\u0101d\u012bta tikai par kleitu.<\/p>\n","protected":false},"featured_media":4627,"template":"","meta":[],"product_cat":[343,335],"product_tag":[356,354,378],"_links":{"self":[{"href":"https:\/\/kristibam.lv\/lv\/wp-json\/wp\/v2\/product\/4930"}],"collection":[{"href":"https:\/\/kristibam.lv\/lv\/wp-json\/wp\/v2\/product"}],"about":[{"href":"https:\/\/kristibam.lv\/lv\/wp-json\/wp\/v2\/types\/product"}],"wp:featuredmedia":[{"embeddable":true,"href":"https:\/\/kristibam.lv\/lv\/wp-json\/wp\/v2\/media\/4627"}],"wp:attachment":[{"href":"https:\/\/kristibam.lv\/lv\/wp-json\/wp\/v2\/media?parent=4930"}],"wp:term":[{"taxonomy":"product_cat","embeddable":true,"href":"https:\/\/kristibam.lv\/lv\/wp-json\/wp\/v2\/product_cat?post=4930"},{"taxonomy":"product_tag","embeddable":true,"href":"https:\/\/kristibam.lv\/lv\/wp-json\/wp\/v2\/product_tag?post=4930"}],"curies":[{"name":"wp","href":"https:\/\/api.w.org\/{rel}","templated":true}]}}