{"id":4920,"date":"2021-05-18T19:50:50","date_gmt":"2021-05-18T19:50:50","guid":{"rendered":"https:\/\/kristibam.lv\/lv\/?post_type=product&#038;p=4920"},"modified":"2021-05-18T20:11:23","modified_gmt":"2021-05-18T20:11:23","slug":"romantiska-stila-cepure","status":"publish","type":"product","link":"https:\/\/kristibam.lv\/lv\/produkts\/romantiska-stila-cepure\/","title":{"rendered":"Romantiska stila cepure"},"content":{"rendered":"<p>Izmantotie materi\u0101li:<br \/>\n100% Kokvilna<br \/>\nDekorat\u012bvas me\u017e\u0123\u012bnes<\/p>\n<p>Romantiska prince\u0161u stila cepure ar nadzi\u0146u. Rot\u0101ta ar me\u017e\u0123\u012bn\u0113m.<br \/>\nCepures materi\u0101ls un dizains tiks pieska\u0146ots t\u0113rpam.<br \/>\n<\/p>","protected":false},"excerpt":{"rendered":"<p>Romantiska stila cepur\u012bte.<br \/>\nCepures materi\u0101ls un dizains tiks pieska\u0146ots t\u0113rpam.<\/p>\n","protected":false},"featured_media":4739,"template":"","meta":[],"product_cat":[346,335],"product_tag":[404,422,386],"_links":{"self":[{"href":"https:\/\/kristibam.lv\/lv\/wp-json\/wp\/v2\/product\/4920"}],"collection":[{"href":"https:\/\/kristibam.lv\/lv\/wp-json\/wp\/v2\/product"}],"about":[{"href":"https:\/\/kristibam.lv\/lv\/wp-json\/wp\/v2\/types\/product"}],"wp:featuredmedia":[{"embeddable":true,"href":"https:\/\/kristibam.lv\/lv\/wp-json\/wp\/v2\/media\/4739"}],"wp:attachment":[{"href":"https:\/\/kristibam.lv\/lv\/wp-json\/wp\/v2\/media?parent=4920"}],"wp:term":[{"taxonomy":"product_cat","embeddable":true,"href":"https:\/\/kristibam.lv\/lv\/wp-json\/wp\/v2\/product_cat?post=4920"},{"taxonomy":"product_tag","embeddable":true,"href":"https:\/\/kristibam.lv\/lv\/wp-json\/wp\/v2\/product_tag?post=4920"}],"curies":[{"name":"wp","href":"https:\/\/api.w.org\/{rel}","templated":true}]}}