{"id":4917,"date":"2021-05-18T19:18:23","date_gmt":"2021-05-18T19:18:23","guid":{"rendered":"https:\/\/kristibam.lv\/lv\/?post_type=product&#038;p=4917"},"modified":"2021-05-18T19:22:12","modified_gmt":"2021-05-18T19:22:12","slug":"cepure-ar-mezgini","status":"publish","type":"product","link":"https:\/\/kristibam.lv\/lv\/produkts\/cepure-ar-mezgini\/","title":{"rendered":"Cepure ar me\u017e\u0123\u012bni"},"content":{"rendered":"<p>Izmantotie materi\u0101li:<br \/>\n50% Poliesters<br \/>\n50% Kokvilna<br \/>\nDekorat\u012bva me\u017e\u0123\u012bne<\/p>\n<p>Cepure izgatavota no kost\u012bmauduma ar dekorat\u012bvu me\u017e\u0123\u012bni un kokvilnas oderi.<br \/>\nCepures materi\u0101ls un dizains tiks pieska\u0146ots t\u0113rpam.<br \/>\n<\/p>","protected":false},"excerpt":{"rendered":"<p>Papildini savu t\u0113rpu ar skaistu cepur\u012bti.<br \/>\nCepures materi\u0101ls un dizains tiks pieska\u0146ots t\u0113rpam.<\/p>\n","protected":false},"featured_media":4749,"template":"","meta":[],"product_cat":[346,335],"product_tag":[386,378,384],"_links":{"self":[{"href":"https:\/\/kristibam.lv\/lv\/wp-json\/wp\/v2\/product\/4917"}],"collection":[{"href":"https:\/\/kristibam.lv\/lv\/wp-json\/wp\/v2\/product"}],"about":[{"href":"https:\/\/kristibam.lv\/lv\/wp-json\/wp\/v2\/types\/product"}],"wp:featuredmedia":[{"embeddable":true,"href":"https:\/\/kristibam.lv\/lv\/wp-json\/wp\/v2\/media\/4749"}],"wp:attachment":[{"href":"https:\/\/kristibam.lv\/lv\/wp-json\/wp\/v2\/media?parent=4917"}],"wp:term":[{"taxonomy":"product_cat","embeddable":true,"href":"https:\/\/kristibam.lv\/lv\/wp-json\/wp\/v2\/product_cat?post=4917"},{"taxonomy":"product_tag","embeddable":true,"href":"https:\/\/kristibam.lv\/lv\/wp-json\/wp\/v2\/product_tag?post=4917"}],"curies":[{"name":"wp","href":"https:\/\/api.w.org\/{rel}","templated":true}]}}