{"id":4762,"date":"2021-03-17T19:06:01","date_gmt":"2021-03-17T19:06:01","guid":{"rendered":"https:\/\/kristibam.lv\/lv\/?post_type=product&#038;p=4762"},"modified":"2021-05-18T19:09:40","modified_gmt":"2021-05-18T19:09:40","slug":"cepurite-meitenem-10","status":"publish","type":"product","link":"https:\/\/kristibam.lv\/lv\/produkts\/romantiska-cepure-ar-drapejumu\/","title":{"rendered":"Romantiska cepure ar drap\u0113jumu"},"content":{"rendered":"<p>Izmantotie materi\u0101li:<br \/>\n50% Poliesters\/Atlass<br \/>\n50% Kokvilna<br \/>\nDekorat\u012bva me\u017e\u0123\u012bnes mala<\/p>\n<p>Izgatavota no atlasa auduma ar dekorat\u012bvu me\u017e\u0123\u012bnes mali\u0146u. Cepures iek\u0161pus\u0113 ie\u0161\u016bta kokvilnas odere.<br \/>\nCepures materi\u0101ls un dizains tiks pieska\u0146ots t\u0113rpam.<br \/>\n<\/p>","protected":false},"excerpt":{"rendered":"<p>Romantiska cepur\u012bte, kura piest\u0101v\u0113s pie jebkuras kleitas.<\/p>\n","protected":false},"featured_media":4742,"template":"","meta":[],"product_cat":[346,335],"product_tag":[422,386,384],"_links":{"self":[{"href":"https:\/\/kristibam.lv\/lv\/wp-json\/wp\/v2\/product\/4762"}],"collection":[{"href":"https:\/\/kristibam.lv\/lv\/wp-json\/wp\/v2\/product"}],"about":[{"href":"https:\/\/kristibam.lv\/lv\/wp-json\/wp\/v2\/types\/product"}],"wp:featuredmedia":[{"embeddable":true,"href":"https:\/\/kristibam.lv\/lv\/wp-json\/wp\/v2\/media\/4742"}],"wp:attachment":[{"href":"https:\/\/kristibam.lv\/lv\/wp-json\/wp\/v2\/media?parent=4762"}],"wp:term":[{"taxonomy":"product_cat","embeddable":true,"href":"https:\/\/kristibam.lv\/lv\/wp-json\/wp\/v2\/product_cat?post=4762"},{"taxonomy":"product_tag","embeddable":true,"href":"https:\/\/kristibam.lv\/lv\/wp-json\/wp\/v2\/product_tag?post=4762"}],"curies":[{"name":"wp","href":"https:\/\/api.w.org\/{rel}","templated":true}]}}