{"id":4758,"date":"2021-03-17T18:37:23","date_gmt":"2021-03-17T18:37:23","guid":{"rendered":"https:\/\/kristibam.lv\/lv\/?post_type=product&#038;p=4758"},"modified":"2021-05-18T19:34:57","modified_gmt":"2021-05-18T19:34:57","slug":"cepurite-meitenem-6","status":"publish","type":"product","link":"https:\/\/kristibam.lv\/lv\/produkts\/kokvilnas-auduma-cepurite\/","title":{"rendered":"Kokvilnas auduma cepur\u012bte"},"content":{"rendered":"<p>Izmantotie materi\u0101li:<br \/>\n100% Kokvilna<br \/>\nDekorat\u012bva me\u017e\u0123\u012bne<br \/>\nAtlasa ziedi\u0146i<\/p>\n<p>Cepure izgatavota no kokvilnas auduma ar dekorat\u012bvu me\u017e\u0123\u012bni un ziedi\u0146iem.<br \/>\nCepures materi\u0101ls un dizains tiks pieska\u0146ots t\u0113rpam.<br \/>\n<\/p>","protected":false},"excerpt":{"rendered":"<p>Viegla kokvilnas auduma cepur\u012bte, rot\u0101ta ar me\u017e\u0123\u012bni un ziediem.<\/p>\n","protected":false},"featured_media":4750,"template":"","meta":[],"product_cat":[346,335],"product_tag":[355,386,384],"_links":{"self":[{"href":"https:\/\/kristibam.lv\/lv\/wp-json\/wp\/v2\/product\/4758"}],"collection":[{"href":"https:\/\/kristibam.lv\/lv\/wp-json\/wp\/v2\/product"}],"about":[{"href":"https:\/\/kristibam.lv\/lv\/wp-json\/wp\/v2\/types\/product"}],"wp:featuredmedia":[{"embeddable":true,"href":"https:\/\/kristibam.lv\/lv\/wp-json\/wp\/v2\/media\/4750"}],"wp:attachment":[{"href":"https:\/\/kristibam.lv\/lv\/wp-json\/wp\/v2\/media?parent=4758"}],"wp:term":[{"taxonomy":"product_cat","embeddable":true,"href":"https:\/\/kristibam.lv\/lv\/wp-json\/wp\/v2\/product_cat?post=4758"},{"taxonomy":"product_tag","embeddable":true,"href":"https:\/\/kristibam.lv\/lv\/wp-json\/wp\/v2\/product_tag?post=4758"}],"curies":[{"name":"wp","href":"https:\/\/api.w.org\/{rel}","templated":true}]}}