{"id":4755,"date":"2021-03-17T18:26:09","date_gmt":"2021-03-17T18:26:09","guid":{"rendered":"https:\/\/kristibam.lv\/lv\/?post_type=product&#038;p=4755"},"modified":"2021-05-18T19:46:16","modified_gmt":"2021-05-18T19:46:16","slug":"cepurite-meitenem-3","status":"publish","type":"product","link":"https:\/\/kristibam.lv\/lv\/produkts\/kokvilnas-cepurite-meitenem\/","title":{"rendered":"Kokvilnas cepur\u012bte meiten\u0113m"},"content":{"rendered":"<p>Izmantotie materi\u0101li:<br \/>\n100% Kokvilna<br \/>\n100% Dekorat\u012bvas kokvilnas me\u017e\u0123\u012bnes<\/p>\n<p>Bag\u0101t\u012bgi rot\u0101ta kokvilnas auduma cepur\u012bte ar me\u017e\u0123\u012bn\u0113m.<br \/>\nCepures materi\u0101ls un dizains tiks pieska\u0146ots t\u0113rpam.<br \/>\n<\/p>","protected":false},"excerpt":{"rendered":"<p>\u013boti romantiski un bag\u0101t\u012bgi rot\u0101ta cepur\u012bte ar me\u017e\u0123\u012bn\u0113m no kokvilnas.<br \/>\nCepures materi\u0101ls un dizains tiks pieska\u0146ots t\u0113rpam.<\/p>\n","protected":false},"featured_media":4753,"template":"","meta":[],"product_cat":[346,335],"product_tag":[422,386,384],"_links":{"self":[{"href":"https:\/\/kristibam.lv\/lv\/wp-json\/wp\/v2\/product\/4755"}],"collection":[{"href":"https:\/\/kristibam.lv\/lv\/wp-json\/wp\/v2\/product"}],"about":[{"href":"https:\/\/kristibam.lv\/lv\/wp-json\/wp\/v2\/types\/product"}],"wp:featuredmedia":[{"embeddable":true,"href":"https:\/\/kristibam.lv\/lv\/wp-json\/wp\/v2\/media\/4753"}],"wp:attachment":[{"href":"https:\/\/kristibam.lv\/lv\/wp-json\/wp\/v2\/media?parent=4755"}],"wp:term":[{"taxonomy":"product_cat","embeddable":true,"href":"https:\/\/kristibam.lv\/lv\/wp-json\/wp\/v2\/product_cat?post=4755"},{"taxonomy":"product_tag","embeddable":true,"href":"https:\/\/kristibam.lv\/lv\/wp-json\/wp\/v2\/product_tag?post=4755"}],"curies":[{"name":"wp","href":"https:\/\/api.w.org\/{rel}","templated":true}]}}