{"id":4721,"date":"2021-03-07T10:52:17","date_gmt":"2021-03-07T10:52:17","guid":{"rendered":"https:\/\/kristibam.lv\/lv\/?post_type=product&#038;p=4721"},"modified":"2022-02-13T13:35:55","modified_gmt":"2022-02-13T13:35:55","slug":"kristibu-kostims","status":"publish","type":"product","link":"https:\/\/kristibam.lv\/lv\/produkts\/kristibu-apgerba-komplekts\/","title":{"rendered":"Krist\u012bbu ap\u0123\u0113rba komplekts"},"content":{"rendered":"<p>Krist\u012bbu ap\u0123\u0113rba komplekts: kost\u012bms, gara \u017eakete, cepure un kurp\u012btes.<\/p>\n<p>Izmantotie materi\u0101li:<\/p>\n<p>-kost\u012bmaudums<br \/>\n-dekorat\u012bva lenta, me\u017e\u0123\u012bne<br \/>\n-r\u0101v\u0113jsl\u0113dzis, pogas\t<\/p>\n<p>Izgatavo\u0161anas laiks 5-10 dienas<br \/>\n! Pas\u016bti savu izm\u0113ru !<br \/>\n<\/p>","protected":false},"excerpt":{"rendered":"<p>! Pas\u016bti sev vajadz\u012bgo izm\u0113ru! Ap\u0123\u0113rbs tiks izgatavots individu\u0101li p\u0113c J\u016bsu b\u0113rna izm\u0113riem. Krist\u012bbu ap\u0123\u0113rba komplekts: kost\u012bms, gara \u017eakete, cepure un kurp\u012btes.<\/p>\n","protected":false},"featured_media":4723,"template":"","meta":[],"product_cat":[337,334],"product_tag":[382,378,362,380],"_links":{"self":[{"href":"https:\/\/kristibam.lv\/lv\/wp-json\/wp\/v2\/product\/4721"}],"collection":[{"href":"https:\/\/kristibam.lv\/lv\/wp-json\/wp\/v2\/product"}],"about":[{"href":"https:\/\/kristibam.lv\/lv\/wp-json\/wp\/v2\/types\/product"}],"wp:featuredmedia":[{"embeddable":true,"href":"https:\/\/kristibam.lv\/lv\/wp-json\/wp\/v2\/media\/4723"}],"wp:attachment":[{"href":"https:\/\/kristibam.lv\/lv\/wp-json\/wp\/v2\/media?parent=4721"}],"wp:term":[{"taxonomy":"product_cat","embeddable":true,"href":"https:\/\/kristibam.lv\/lv\/wp-json\/wp\/v2\/product_cat?post=4721"},{"taxonomy":"product_tag","embeddable":true,"href":"https:\/\/kristibam.lv\/lv\/wp-json\/wp\/v2\/product_tag?post=4721"}],"curies":[{"name":"wp","href":"https:\/\/api.w.org\/{rel}","templated":true}]}}