{"id":4715,"date":"2021-03-07T10:16:20","date_gmt":"2021-03-07T10:16:20","guid":{"rendered":"https:\/\/kristibam.lv\/lv\/?post_type=product&#038;p=4715"},"modified":"2025-04-28T19:40:54","modified_gmt":"2025-04-28T16:40:54","slug":"flisa-jaka","status":"publish","type":"product","link":"https:\/\/kristibam.lv\/lv\/produkts\/flisa-jaka\/","title":{"rendered":"Fl\u012bsa jaka"},"content":{"rendered":"<p>Piena balts fl\u012bsa auduma m\u0113telis.<\/p>\n<p>Garums 35cm<\/p>\n<p>Izmantotie materi\u0101li:<\/p>\n<ul>\n<li>fl\u012bsa audumas<\/li>\n<li>atlasa auduma josta<\/li>\n<li>me\u017e\u0123\u012bnes lenta<\/li>\n<\/ul>\n<p>&nbsp;<\/p>","protected":false},"excerpt":{"rendered":"<p>Piena balta fl\u012bsa auduma jaka.<br \/>\nIzm\u0113rs 68-74<\/p>\n","protected":false},"featured_media":4710,"template":"","meta":[],"product_cat":[345,335],"product_tag":[415,358,382,378],"_links":{"self":[{"href":"https:\/\/kristibam.lv\/lv\/wp-json\/wp\/v2\/product\/4715"}],"collection":[{"href":"https:\/\/kristibam.lv\/lv\/wp-json\/wp\/v2\/product"}],"about":[{"href":"https:\/\/kristibam.lv\/lv\/wp-json\/wp\/v2\/types\/product"}],"wp:featuredmedia":[{"embeddable":true,"href":"https:\/\/kristibam.lv\/lv\/wp-json\/wp\/v2\/media\/4710"}],"wp:attachment":[{"href":"https:\/\/kristibam.lv\/lv\/wp-json\/wp\/v2\/media?parent=4715"}],"wp:term":[{"taxonomy":"product_cat","embeddable":true,"href":"https:\/\/kristibam.lv\/lv\/wp-json\/wp\/v2\/product_cat?post=4715"},{"taxonomy":"product_tag","embeddable":true,"href":"https:\/\/kristibam.lv\/lv\/wp-json\/wp\/v2\/product_tag?post=4715"}],"curies":[{"name":"wp","href":"https:\/\/api.w.org\/{rel}","templated":true}]}}