{"id":4714,"date":"2021-03-07T10:11:44","date_gmt":"2021-03-07T10:11:44","guid":{"rendered":"https:\/\/kristibam.lv\/lv\/?post_type=product&#038;p=4714"},"modified":"2022-03-24T19:53:44","modified_gmt":"2022-03-24T19:53:44","slug":"piena-balts-flisa-metelis","status":"publish","type":"product","link":"https:\/\/kristibam.lv\/lv\/produkts\/piena-balts-flisa-metelis\/","title":{"rendered":"Piena balts fl\u012bsa m\u0113telis"},"content":{"rendered":"<p>Fl\u012bsa auduma m\u0113telis.<\/p>\n<p>Garums 50-70cm. (garums main\u0101s no ap\u0123\u0113rba izm\u0113ra)<\/p>\n<p>Izmantotie materi\u0101li:<\/p>\n<ul>\n<li>fl\u012bsa audumas<\/li>\n<li>atlasa auduma josta (kr\u0101su var main\u012bt)<\/li>\n<li>me\u017e\u0123\u012bnes lenta<\/li>\n<\/ul>\n<p>Izgatavo\u0161anas laiks 5-10 dienas<\/p>\n<p>M\u0113telis tiks \u0161\u016bta p\u0113c b\u0113rna individu\u0101liem izm\u0113riem.<\/p>\n<p>&nbsp;<\/p>","protected":false},"excerpt":{"rendered":"<p>Fl\u012bsa auduma m\u0113telis.<\/p>\n<p>&nbsp;<\/p>\n","protected":false},"featured_media":4704,"template":"","meta":[],"product_cat":[345,335],"product_tag":[404,415,382,378],"_links":{"self":[{"href":"https:\/\/kristibam.lv\/lv\/wp-json\/wp\/v2\/product\/4714"}],"collection":[{"href":"https:\/\/kristibam.lv\/lv\/wp-json\/wp\/v2\/product"}],"about":[{"href":"https:\/\/kristibam.lv\/lv\/wp-json\/wp\/v2\/types\/product"}],"wp:featuredmedia":[{"embeddable":true,"href":"https:\/\/kristibam.lv\/lv\/wp-json\/wp\/v2\/media\/4704"}],"wp:attachment":[{"href":"https:\/\/kristibam.lv\/lv\/wp-json\/wp\/v2\/media?parent=4714"}],"wp:term":[{"taxonomy":"product_cat","embeddable":true,"href":"https:\/\/kristibam.lv\/lv\/wp-json\/wp\/v2\/product_cat?post=4714"},{"taxonomy":"product_tag","embeddable":true,"href":"https:\/\/kristibam.lv\/lv\/wp-json\/wp\/v2\/product_tag?post=4714"}],"curies":[{"name":"wp","href":"https:\/\/api.w.org\/{rel}","templated":true}]}}