{"id":4680,"date":"2021-03-06T18:11:38","date_gmt":"2021-03-06T18:11:38","guid":{"rendered":"https:\/\/kristibam.lv\/lv\/?post_type=product&#038;p=4680"},"modified":"2021-07-13T19:23:42","modified_gmt":"2021-07-13T19:23:42","slug":"dekorativs-maisins","status":"publish","type":"product","link":"https:\/\/kristibam.lv\/lv\/produkts\/dekorativs-maisins\/","title":{"rendered":"Dekorat\u012bvs maisi\u0146\u0161"},"content":{"rendered":"<p>Dekorat\u012bvs krist\u012bbu maisi\u0146\u0161.<\/p>\n<ul>\n<li>izm\u0113rs 17*10 cm (izm\u0113ru var main\u012bt)<\/li>\n<li>iz\u0161uvums (kr\u0101su var main\u012bt)<\/li>\n<li>lenta- maisi\u0146a aizsie\u0161anai<\/li>\n<li>stri\u0137is pie maisi\u0146a mal\u0101m.<\/li>\n<\/ul>\n<p>Izgatavo\u0161anas laiks 5-10 dienas<\/p>\n<p>Paredz\u0113ts k\u0101 aksesu\u0101rs kur\u0101 ielikt krusti\u0146u vai citas krist\u012bbu lietas. (maisi\u0146\u0101 var ielikt: maizi, s\u0101li un naudu- p\u0113c senajiem latvie\u0161u tic\u0113jumiem)<\/p>\n<p>Lieliska d\u0101vana b\u0113rnam vai vi\u0146a krustvec\u0101kiem svin\u012bgaj\u0101 dien\u0101!<\/p>","protected":false},"excerpt":{"rendered":"<p>Dekorat\u012bvs krist\u012bbu maisi\u0146\u0161.<\/p>\n<p>Lieliska d\u0101vana b\u0113rnam vai vi\u0146a krustvec\u0101kiem svin\u012bgaj\u0101 dien\u0101!<\/p>\n","protected":false},"featured_media":4675,"template":"","meta":[],"product_cat":[336,353],"product_tag":[385,381,384],"_links":{"self":[{"href":"https:\/\/kristibam.lv\/lv\/wp-json\/wp\/v2\/product\/4680"}],"collection":[{"href":"https:\/\/kristibam.lv\/lv\/wp-json\/wp\/v2\/product"}],"about":[{"href":"https:\/\/kristibam.lv\/lv\/wp-json\/wp\/v2\/types\/product"}],"wp:featuredmedia":[{"embeddable":true,"href":"https:\/\/kristibam.lv\/lv\/wp-json\/wp\/v2\/media\/4675"}],"wp:attachment":[{"href":"https:\/\/kristibam.lv\/lv\/wp-json\/wp\/v2\/media?parent=4680"}],"wp:term":[{"taxonomy":"product_cat","embeddable":true,"href":"https:\/\/kristibam.lv\/lv\/wp-json\/wp\/v2\/product_cat?post=4680"},{"taxonomy":"product_tag","embeddable":true,"href":"https:\/\/kristibam.lv\/lv\/wp-json\/wp\/v2\/product_tag?post=4680"}],"curies":[{"name":"wp","href":"https:\/\/api.w.org\/{rel}","templated":true}]}}