{"id":4658,"date":"2021-03-06T17:22:37","date_gmt":"2021-03-06T17:22:37","guid":{"rendered":"https:\/\/kristibam.lv\/lv\/?post_type=product&#038;p=4658"},"modified":"2021-07-13T18:25:24","modified_gmt":"2021-07-13T18:25:24","slug":"kokvilnas-sedzina-ar-kapuci","status":"publish","type":"product","link":"https:\/\/kristibam.lv\/lv\/produkts\/kokvilnas-sedzina-ar-kapuci\/","title":{"rendered":"Kokvilnas sedzi\u0146a ar kapuci"},"content":{"rendered":"<p>Personaliz\u0113ta, dekorat\u012bva sedzi\u0146a krist\u012bb\u0101m.<\/p>\n<p>Izmantotie materi\u0101li:<\/p>\n<ul>\n<li>kokvilnas audums<\/li>\n<li>me\u017e\u0123\u012bne<\/li>\n<li>iz\u0161uvums (kr\u0101su un izm\u0113ru var main\u012bt)<\/li>\n<li>Izm\u0113rs: 80*80 cm (audums dubult\u0101)<\/li>\n<\/ul>\n<p>Izgatavo\u0161ana 5-10 dienu laik\u0101<\/p>\n<p>Lieliska d\u0101vana!<\/p>","protected":false},"excerpt":{"rendered":"<p>Personaliz\u0113ta, dekorat\u012bva sedzi\u0146a krist\u012bb\u0101m.<\/p>\n","protected":false},"featured_media":4660,"template":"","meta":[],"product_cat":[336,352],"product_tag":[383,359,386,385],"_links":{"self":[{"href":"https:\/\/kristibam.lv\/lv\/wp-json\/wp\/v2\/product\/4658"}],"collection":[{"href":"https:\/\/kristibam.lv\/lv\/wp-json\/wp\/v2\/product"}],"about":[{"href":"https:\/\/kristibam.lv\/lv\/wp-json\/wp\/v2\/types\/product"}],"wp:featuredmedia":[{"embeddable":true,"href":"https:\/\/kristibam.lv\/lv\/wp-json\/wp\/v2\/media\/4660"}],"wp:attachment":[{"href":"https:\/\/kristibam.lv\/lv\/wp-json\/wp\/v2\/media?parent=4658"}],"wp:term":[{"taxonomy":"product_cat","embeddable":true,"href":"https:\/\/kristibam.lv\/lv\/wp-json\/wp\/v2\/product_cat?post=4658"},{"taxonomy":"product_tag","embeddable":true,"href":"https:\/\/kristibam.lv\/lv\/wp-json\/wp\/v2\/product_tag?post=4658"}],"curies":[{"name":"wp","href":"https:\/\/api.w.org\/{rel}","templated":true}]}}