{"id":4655,"date":"2021-03-06T17:17:40","date_gmt":"2021-03-06T17:17:40","guid":{"rendered":"https:\/\/kristibam.lv\/lv\/?post_type=product&#038;p=4655"},"modified":"2021-07-13T18:58:35","modified_gmt":"2021-07-13T18:58:35","slug":"balta-atlasa-sedzina","status":"publish","type":"product","link":"https:\/\/kristibam.lv\/lv\/produkts\/balta-atlasa-sedzina\/","title":{"rendered":"Balta atlasa sedzi\u0146a"},"content":{"rendered":"<p>Personaliz\u0113ta, dekorat\u012bva sedzi\u0146a krist\u012bb\u0101m. Iz\u0161uvums visos st\u016bros.<\/p>\n<p>Izmantotie materi\u0101li:<\/p>\n<p> \tkokvilnas audums<br \/>\n \tatlasa audums<br \/>\n \tme\u017e\u0123\u012bne<br \/>\n \tiz\u0161uvums<br \/>\n \tIzm\u0113rs: 100*100cm (audums dubult\u0101)<\/p>\n<p>Izgatavo\u0161ana 5-10 dienu laik\u0101<\/p>\n<p>Lieliska d\u0101vana!<\/p>","protected":false},"excerpt":{"rendered":"<p>Personaliz\u0113ta, dekorat\u012bva sedzi\u0146a krist\u012bb\u0101m.<\/p>\n","protected":false},"featured_media":4656,"template":"","meta":[],"product_cat":[336,352],"product_tag":[383,359,385,377],"_links":{"self":[{"href":"https:\/\/kristibam.lv\/lv\/wp-json\/wp\/v2\/product\/4655"}],"collection":[{"href":"https:\/\/kristibam.lv\/lv\/wp-json\/wp\/v2\/product"}],"about":[{"href":"https:\/\/kristibam.lv\/lv\/wp-json\/wp\/v2\/types\/product"}],"wp:featuredmedia":[{"embeddable":true,"href":"https:\/\/kristibam.lv\/lv\/wp-json\/wp\/v2\/media\/4656"}],"wp:attachment":[{"href":"https:\/\/kristibam.lv\/lv\/wp-json\/wp\/v2\/media?parent=4655"}],"wp:term":[{"taxonomy":"product_cat","embeddable":true,"href":"https:\/\/kristibam.lv\/lv\/wp-json\/wp\/v2\/product_cat?post=4655"},{"taxonomy":"product_tag","embeddable":true,"href":"https:\/\/kristibam.lv\/lv\/wp-json\/wp\/v2\/product_tag?post=4655"}],"curies":[{"name":"wp","href":"https:\/\/api.w.org\/{rel}","templated":true}]}}