{"id":4637,"date":"2021-03-06T15:20:56","date_gmt":"2021-03-06T15:20:56","guid":{"rendered":"https:\/\/kristibam.lv\/lv\/?post_type=product&#038;p=4637"},"modified":"2022-05-22T12:41:38","modified_gmt":"2022-05-22T12:41:38","slug":"lina-kleita","status":"publish","type":"product","link":"https:\/\/kristibam.lv\/lv\/produkts\/lina-kleita\/","title":{"rendered":"Lina kleita"},"content":{"rendered":"<p>Lina auduma kleita ar kurp\u012bt\u0113m un matu lentu.<\/p>\n<p>Kleitas garums 45cm.<\/p>\n<p>Izmantotie materi\u0101li:<\/p>\n<p>-lins<br \/>\n-me\u017e\u0123\u012bnes<br \/>\n-gar\u0161s r\u0101v\u0113jsl\u0113dzis mugurda\u013c\u0101<\/p>\n<p>Izgatavo\u0161anas laiks 5-10 dienas<br \/>\n!Pas\u016bti savu izm\u0113ru !<\/p>","protected":false},"excerpt":{"rendered":"<p>!Pas\u016bti sev vajadz\u012bgo izm\u0113ru! Ap\u0123\u0113rbs tiks izgatavots individu\u0101li p\u0113c J\u016bsu b\u0113rna izm\u0113riem. Lina auduma kleita ar kurp\u012bt\u0113m un matu lentu.<\/p>\n","protected":false},"featured_media":4638,"template":"","meta":[],"product_cat":[343,335],"product_tag":[404,382,354,386],"_links":{"self":[{"href":"https:\/\/kristibam.lv\/lv\/wp-json\/wp\/v2\/product\/4637"}],"collection":[{"href":"https:\/\/kristibam.lv\/lv\/wp-json\/wp\/v2\/product"}],"about":[{"href":"https:\/\/kristibam.lv\/lv\/wp-json\/wp\/v2\/types\/product"}],"wp:featuredmedia":[{"embeddable":true,"href":"https:\/\/kristibam.lv\/lv\/wp-json\/wp\/v2\/media\/4638"}],"wp:attachment":[{"href":"https:\/\/kristibam.lv\/lv\/wp-json\/wp\/v2\/media?parent=4637"}],"wp:term":[{"taxonomy":"product_cat","embeddable":true,"href":"https:\/\/kristibam.lv\/lv\/wp-json\/wp\/v2\/product_cat?post=4637"},{"taxonomy":"product_tag","embeddable":true,"href":"https:\/\/kristibam.lv\/lv\/wp-json\/wp\/v2\/product_tag?post=4637"}],"curies":[{"name":"wp","href":"https:\/\/api.w.org\/{rel}","templated":true}]}}