{"id":4630,"date":"2021-03-06T15:09:00","date_gmt":"2021-03-06T15:09:00","guid":{"rendered":"https:\/\/kristibam.lv\/lv\/?post_type=product&#038;p=4630"},"modified":"2022-02-17T18:53:20","modified_gmt":"2022-02-17T18:53:20","slug":"kokvilnas-kleita-ar-tillu-2","status":"publish","type":"product","link":"https:\/\/kristibam.lv\/lv\/produkts\/kokvilnas-kleita-ar-izsuvumu\/","title":{"rendered":"Kokvilnas kleita ar iz\u0161uvumu"},"content":{"rendered":"<p>Kokvilnas kleita ar iz\u0161uvumu un cepur\u012bte.<\/p>\n<p>Izmantotie materi\u0101li:<\/p>\n<p>-100% kokvilna<br \/>\n-Tilla audums<br \/>\n-Me\u017e\u0123\u012bnes<br \/>\n-Iz\u0161uvums (kr\u0101su var main\u012bt)<br \/>\n-Gar\u0161 r\u0101v\u0113jsl\u0113dzis mugurda\u013c\u0101<\/p>\n<p>Kleitas garums  55 cm<\/p>\n<p>Izgatavo\u0161anas laiks 5-10 dienas<br \/>\n!Pas\u016bti savu izm\u0113ru!<br \/>\n<\/p>","protected":false},"excerpt":{"rendered":"<p>!Pas\u016bti sev vajadz\u012bgo izm\u0113ru! Ap\u0123\u0113rbs tiks izgatavots individu\u0101li p\u0113c J\u016bsu b\u0113rna izm\u0113riem. Kokvilnas kleita ar iz\u0161uvumu un cepur\u012bte.<\/p>\n","protected":false},"featured_media":4632,"template":"","meta":[],"product_cat":[343,335],"product_tag":[404,382,354,386],"_links":{"self":[{"href":"https:\/\/kristibam.lv\/lv\/wp-json\/wp\/v2\/product\/4630"}],"collection":[{"href":"https:\/\/kristibam.lv\/lv\/wp-json\/wp\/v2\/product"}],"about":[{"href":"https:\/\/kristibam.lv\/lv\/wp-json\/wp\/v2\/types\/product"}],"wp:featuredmedia":[{"embeddable":true,"href":"https:\/\/kristibam.lv\/lv\/wp-json\/wp\/v2\/media\/4632"}],"wp:attachment":[{"href":"https:\/\/kristibam.lv\/lv\/wp-json\/wp\/v2\/media?parent=4630"}],"wp:term":[{"taxonomy":"product_cat","embeddable":true,"href":"https:\/\/kristibam.lv\/lv\/wp-json\/wp\/v2\/product_cat?post=4630"},{"taxonomy":"product_tag","embeddable":true,"href":"https:\/\/kristibam.lv\/lv\/wp-json\/wp\/v2\/product_tag?post=4630"}],"curies":[{"name":"wp","href":"https:\/\/api.w.org\/{rel}","templated":true}]}}