{"id":4624,"date":"2021-03-05T20:21:32","date_gmt":"2021-03-05T20:21:32","guid":{"rendered":"https:\/\/kristibam.lv\/lv\/?post_type=product&#038;p=4624"},"modified":"2022-02-17T19:59:27","modified_gmt":"2022-02-17T19:59:27","slug":"kokvilnas-kleita","status":"publish","type":"product","link":"https:\/\/kristibam.lv\/lv\/produkts\/kokvilnas-kleita\/","title":{"rendered":"Kokvilnas kleita"},"content":{"rendered":"<p>Kokvilnas auduma kleita.<\/p>\n<p>Kleitas garums 50cm.<\/p>\n<p>Izmantotie materi\u0101li:<\/p>\n<ul>\n<li>kokvilna<\/li>\n<li>me\u017e\u0123\u012bnes lenta<\/li>\n<li>gar\u0161s sl\u0113dzis mugurda\u013c\u0101<\/li>\n<\/ul>\n<p>Izgatavo\u0161anas laiks 5-10 dienas<br \/>\n!Pas\u016bti savu izm\u0113ru!<\/p>\n<p><\/p>","protected":false},"excerpt":{"rendered":"<p>!Pas\u016bti sev vajadz\u012bgo izm\u0113ru! Ap\u0123\u0113rbs tiks izgatavots individu\u0101li p\u0113c J\u016bsu b\u0113rna izm\u0113riem. Kokvilnas auduma kleita.<\/p>\n","protected":false},"featured_media":4625,"template":"","meta":[],"product_cat":[343,335],"product_tag":[355,382,386],"_links":{"self":[{"href":"https:\/\/kristibam.lv\/lv\/wp-json\/wp\/v2\/product\/4624"}],"collection":[{"href":"https:\/\/kristibam.lv\/lv\/wp-json\/wp\/v2\/product"}],"about":[{"href":"https:\/\/kristibam.lv\/lv\/wp-json\/wp\/v2\/types\/product"}],"wp:featuredmedia":[{"embeddable":true,"href":"https:\/\/kristibam.lv\/lv\/wp-json\/wp\/v2\/media\/4625"}],"wp:attachment":[{"href":"https:\/\/kristibam.lv\/lv\/wp-json\/wp\/v2\/media?parent=4624"}],"wp:term":[{"taxonomy":"product_cat","embeddable":true,"href":"https:\/\/kristibam.lv\/lv\/wp-json\/wp\/v2\/product_cat?post=4624"},{"taxonomy":"product_tag","embeddable":true,"href":"https:\/\/kristibam.lv\/lv\/wp-json\/wp\/v2\/product_tag?post=4624"}],"curies":[{"name":"wp","href":"https:\/\/api.w.org\/{rel}","templated":true}]}}