{"id":4613,"date":"2021-03-05T20:00:44","date_gmt":"2021-03-05T20:00:44","guid":{"rendered":"https:\/\/kristibam.lv\/lv\/?post_type=product&#038;p=4613"},"modified":"2022-05-22T12:44:03","modified_gmt":"2022-05-22T12:44:03","slug":"atlasa-kristibu-kleita","status":"publish","type":"product","link":"https:\/\/kristibam.lv\/lv\/produkts\/atlasa-kristibu-kleita\/","title":{"rendered":"Kleita, kurp\u012btes un matu lenta"},"content":{"rendered":"<p>Balta atlasa kleita, kurp\u012btes un matu lenta. Kleitas garums 45cm.<\/p>\n<p>Izmantotie materi\u0101li:<\/p>\n<p>-m\u0101ksl\u012bgais z\u012bds<br \/>\n-gar\u0161 r\u0101v\u0113jsl\u0113dzis mugurda\u013c\u0101<\/p>\n<p>Izgatavo\u0161anas laiks 5-10 dienas<br \/>\n!Pas\u016bti vajadz\u012bgo izm\u0113ru!<\/p>","protected":false},"excerpt":{"rendered":"<p>!Pas\u016bti sev vajadz\u012bgo izm\u0113ru! Ap\u0123\u0113rbs tiks izgatavots individu\u0101li p\u0113c J\u016bsu b\u0113rna izm\u0113riem. Balta atlasa kleita, kurp\u012btes un matu lenta<\/p>\n","protected":false},"featured_media":4614,"template":"","meta":[],"product_cat":[343,335],"product_tag":[355,356,378,384],"_links":{"self":[{"href":"https:\/\/kristibam.lv\/lv\/wp-json\/wp\/v2\/product\/4613"}],"collection":[{"href":"https:\/\/kristibam.lv\/lv\/wp-json\/wp\/v2\/product"}],"about":[{"href":"https:\/\/kristibam.lv\/lv\/wp-json\/wp\/v2\/types\/product"}],"wp:featuredmedia":[{"embeddable":true,"href":"https:\/\/kristibam.lv\/lv\/wp-json\/wp\/v2\/media\/4614"}],"wp:attachment":[{"href":"https:\/\/kristibam.lv\/lv\/wp-json\/wp\/v2\/media?parent=4613"}],"wp:term":[{"taxonomy":"product_cat","embeddable":true,"href":"https:\/\/kristibam.lv\/lv\/wp-json\/wp\/v2\/product_cat?post=4613"},{"taxonomy":"product_tag","embeddable":true,"href":"https:\/\/kristibam.lv\/lv\/wp-json\/wp\/v2\/product_tag?post=4613"}],"curies":[{"name":"wp","href":"https:\/\/api.w.org\/{rel}","templated":true}]}}